{"id":1129,"date":"2025-10-22T14:23:24","date_gmt":"2025-10-22T13:23:24","guid":{"rendered":"https:\/\/mclseminar.org\/?page_id=1129"},"modified":"2025-12-02T15:26:31","modified_gmt":"2025-12-02T14:26:31","slug":"area-privada","status":"publish","type":"page","link":"https:\/\/mclseminar.org\/es\/area-privada\/","title":{"rendered":"\u00c1rea privada"},"content":{"rendered":"\t\t<div data-elementor-type=\"wp-page\" data-elementor-id=\"1129\" class=\"elementor elementor-1129\" data-elementor-post-type=\"page\">\n\t\t\t\t\t\t<section class=\"elementor-section elementor-top-section elementor-element elementor-element-503478c elementor-section-height-full elementor-section-boxed elementor-section-height-default elementor-section-items-middle\" data-id=\"503478c\" data-element_type=\"section\" data-e-type=\"section\" data-settings=\"{&quot;background_background&quot;:&quot;classic&quot;}\">\n\t\t\t\t\t\t\t<div class=\"elementor-background-overlay\"><\/div>\n\t\t\t\t\t\t\t<div class=\"elementor-container elementor-column-gap-default\">\n\t\t\t\t\t<div class=\"elementor-column elementor-col-100 elementor-top-column elementor-element elementor-element-f5912a3\" data-id=\"f5912a3\" data-element_type=\"column\" data-e-type=\"column\" data-settings=\"{&quot;background_background&quot;:&quot;classic&quot;}\">\n\t\t\t<div class=\"elementor-widget-wrap elementor-element-populated\">\n\t\t\t\t\t<div class=\"elementor-background-overlay\"><\/div>\n\t\t\t\t\t\t<div class=\"elementor-element elementor-element-1d20ef7 animated-slow elementor-invisible elementor-widget elementor-widget-heading\" data-id=\"1d20ef7\" data-element_type=\"widget\" data-e-type=\"widget\" data-settings=\"{&quot;_animation&quot;:&quot;fadeIn&quot;}\" data-widget_type=\"heading.default\">\n\t\t\t\t<div class=\"elementor-widget-container\">\n\t\t\t\t\t<h1 class=\"elementor-heading-title elementor-size-default\">Acceso restringido<\/h1>\t\t\t\t<\/div>\n\t\t\t\t<\/div>\n\t\t\t\t<div class=\"elementor-element elementor-element-21151d9 animated-slow elementor-invisible elementor-widget elementor-widget-heading\" data-id=\"21151d9\" data-element_type=\"widget\" data-e-type=\"widget\" data-settings=\"{&quot;_animation&quot;:&quot;fadeIn&quot;}\" data-widget_type=\"heading.default\">\n\t\t\t\t<div class=\"elementor-widget-container\">\n\t\t\t\t\t<h4 class=\"elementor-heading-title elementor-size-default\">El contenido de esta secci\u00f3n est\u00e1 disponible \u00fanicamente para usuarios registrados.\nPor favor, inicie sesi\u00f3n con sus credenciales o contacte con nuestro equipo si necesita asistencia para acceder.<\/h4>\t\t\t\t<\/div>\n\t\t\t\t<\/div>\n\t\t\t\t<section class=\"elementor-section elementor-inner-section elementor-element elementor-element-4280f10 elementor-section-boxed elementor-section-height-default elementor-section-height-default\" data-id=\"4280f10\" data-element_type=\"section\" data-e-type=\"section\">\n\t\t\t\t\t\t<div class=\"elementor-container elementor-column-gap-default\">\n\t\t\t\t\t<div class=\"elementor-column elementor-col-50 elementor-inner-column elementor-element elementor-element-7ee34e7\" data-id=\"7ee34e7\" data-element_type=\"column\" data-e-type=\"column\">\n\t\t\t<div class=\"elementor-widget-wrap elementor-element-populated\">\n\t\t\t\t\t\t<div class=\"elementor-element elementor-element-c80debb elementor-align-right elementor-widget elementor-widget-button\" data-id=\"c80debb\" data-element_type=\"widget\" data-e-type=\"widget\" data-widget_type=\"button.default\">\n\t\t\t\t<div class=\"elementor-widget-container\">\n\t\t\t\t\t\t\t\t\t<div class=\"elementor-button-wrapper\">\n\t\t\t\t\t<a class=\"elementor-button elementor-button-link elementor-size-sm\" href=\"https:\/\/mclseminar.org\/es\/\">\n\t\t\t\t\t\t<span class=\"elementor-button-content-wrapper\">\n\t\t\t\t\t\t\t\t\t<span class=\"elementor-button-text\">Volver a Inicio<\/span>\n\t\t\t\t\t<\/span>\n\t\t\t\t\t<\/a>\n\t\t\t\t<\/div>\n\t\t\t\t\t\t\t\t<\/div>\n\t\t\t\t<\/div>\n\t\t\t\t\t<\/div>\n\t\t<\/div>\n\t\t\t\t<div class=\"elementor-column elementor-col-50 elementor-inner-column elementor-element elementor-element-084cd2e\" data-id=\"084cd2e\" data-element_type=\"column\" data-e-type=\"column\">\n\t\t\t<div class=\"elementor-widget-wrap elementor-element-populated\">\n\t\t\t\t\t\t<div class=\"elementor-element elementor-element-22767d5 elementor-align-left elementor-widget elementor-widget-button\" data-id=\"22767d5\" data-element_type=\"widget\" data-e-type=\"widget\" data-widget_type=\"button.default\">\n\t\t\t\t<div class=\"elementor-widget-container\">\n\t\t\t\t\t\t\t\t\t<div class=\"elementor-button-wrapper\">\n\t\t\t\t\t<a class=\"elementor-button elementor-button-link elementor-size-sm\" href=\"\/login\">\n\t\t\t\t\t\t<span class=\"elementor-button-content-wrapper\">\n\t\t\t\t\t\t\t\t\t<span class=\"elementor-button-text\">Login<\/span>\n\t\t\t\t\t<\/span>\n\t\t\t\t\t<\/a>\n\t\t\t\t<\/div>\n\t\t\t\t\t\t\t\t<\/div>\n\t\t\t\t<\/div>\n\t\t\t\t\t<\/div>\n\t\t<\/div>\n\t\t\t\t\t<\/div>\n\t\t<\/section>\n\t\t\t\t\t<\/div>\n\t\t<\/div>\n\t\t\t\t\t<\/div>\n\t\t<\/section>\n\t\t\t\t<\/div>\n\t\t","protected":false},"excerpt":{"rendered":"<p>\u00c1rea privada MCLS Code Abrir documento Acceso restringido El contenido de esta secci\u00f3n est\u00e1 disponible \u00fanicamente para usuarios registrados. Por favor, inicie sesi\u00f3n con sus credenciales o contacte con nuestro equipo si necesita asistencia para acceder. Volver a Inicio Login<\/p>\n","protected":false},"author":1,"featured_media":0,"parent":0,"menu_order":0,"comment_status":"closed","ping_status":"closed","template":"elementor_header_footer","meta":{"footnotes":""},"class_list":["post-1129","page","type-page","status-publish"],"yoast_head":"<!-- This site is optimized with the Yoast SEO plugin v27.3 - https:\/\/yoast.com\/product\/yoast-seo-wordpress\/ -->\n<title>\u00c1rea privada MCLS \u00b7 Acceso para participantes registrados<\/title>\n<meta name=\"description\" content=\"Acceso restringido al \u00e1rea privada de MCLS para participantes registrados: documentaci\u00f3n del seminario, materiales y recursos exclusivos.\" \/>\n<meta name=\"robots\" content=\"noindex, follow\" \/>\n<meta property=\"og:locale\" content=\"es_ES\" \/>\n<meta property=\"og:type\" content=\"article\" \/>\n<meta property=\"og:title\" content=\"\u00c1rea privada MCLS \u00b7 Acceso para participantes registrados\" \/>\n<meta property=\"og:description\" content=\"Acceso restringido al \u00e1rea privada de MCLS para participantes registrados: documentaci\u00f3n del seminario, materiales y recursos exclusivos.\" \/>\n<meta property=\"og:url\" content=\"https:\/\/mclseminar.org\/es\/area-privada\/\" \/>\n<meta property=\"og:site_name\" content=\"MCLS\" \/>\n<meta property=\"article:modified_time\" content=\"2025-12-02T14:26:31+00:00\" \/>\n<meta property=\"og:image\" content=\"https:\/\/mclseminar.org\/wp-content\/uploads\/337946.png\" \/>\n\t<meta property=\"og:image:width\" content=\"256\" \/>\n\t<meta property=\"og:image:height\" content=\"256\" \/>\n\t<meta property=\"og:image:type\" content=\"image\/png\" \/>\n<meta name=\"twitter:card\" content=\"summary_large_image\" \/>\n<meta name=\"twitter:label1\" content=\"Tiempo de lectura\" \/>\n\t<meta name=\"twitter:data1\" content=\"1 minuto\" \/>\n<script type=\"application\/ld+json\" class=\"yoast-schema-graph\">{\"@context\":\"https:\\\/\\\/schema.org\",\"@graph\":[{\"@type\":\"WebPage\",\"@id\":\"https:\\\/\\\/mclseminar.org\\\/es\\\/area-privada\\\/\",\"url\":\"https:\\\/\\\/mclseminar.org\\\/es\\\/area-privada\\\/\",\"name\":\"\u00c1rea privada MCLS \u00b7 Acceso para participantes registrados\",\"isPartOf\":{\"@id\":\"https:\\\/\\\/mclseminar.org\\\/es\\\/#website\"},\"primaryImageOfPage\":{\"@id\":\"https:\\\/\\\/mclseminar.org\\\/es\\\/area-privada\\\/#primaryimage\"},\"image\":{\"@id\":\"https:\\\/\\\/mclseminar.org\\\/es\\\/area-privada\\\/#primaryimage\"},\"thumbnailUrl\":\"https:\\\/\\\/mclseminar.org\\\/wp-content\\\/uploads\\\/337946.png\",\"datePublished\":\"2025-10-22T13:23:24+00:00\",\"dateModified\":\"2025-12-02T14:26:31+00:00\",\"description\":\"Acceso restringido al \u00e1rea privada de MCLS para participantes registrados: documentaci\u00f3n del seminario, materiales y recursos exclusivos.\",\"breadcrumb\":{\"@id\":\"https:\\\/\\\/mclseminar.org\\\/es\\\/area-privada\\\/#breadcrumb\"},\"inLanguage\":\"es\",\"potentialAction\":[{\"@type\":\"ReadAction\",\"target\":[\"https:\\\/\\\/mclseminar.org\\\/es\\\/area-privada\\\/\"]}]},{\"@type\":\"ImageObject\",\"inLanguage\":\"es\",\"@id\":\"https:\\\/\\\/mclseminar.org\\\/es\\\/area-privada\\\/#primaryimage\",\"url\":\"https:\\\/\\\/mclseminar.org\\\/wp-content\\\/uploads\\\/337946.png\",\"contentUrl\":\"https:\\\/\\\/mclseminar.org\\\/wp-content\\\/uploads\\\/337946.png\"},{\"@type\":\"BreadcrumbList\",\"@id\":\"https:\\\/\\\/mclseminar.org\\\/es\\\/area-privada\\\/#breadcrumb\",\"itemListElement\":[{\"@type\":\"ListItem\",\"position\":1,\"name\":\"Portada\",\"item\":\"https:\\\/\\\/mclseminar.org\\\/es\\\/\"},{\"@type\":\"ListItem\",\"position\":2,\"name\":\"\u00c1rea privada\"}]},{\"@type\":\"WebSite\",\"@id\":\"https:\\\/\\\/mclseminar.org\\\/es\\\/#website\",\"url\":\"https:\\\/\\\/mclseminar.org\\\/es\\\/\",\"name\":\"Madrid Competition Litigation Seminar\",\"description\":\"Madrid Competition Litigation Seminar\",\"publisher\":{\"@id\":\"https:\\\/\\\/mclseminar.org\\\/es\\\/#organization\"},\"alternateName\":\"MCLS\",\"potentialAction\":[{\"@type\":\"SearchAction\",\"target\":{\"@type\":\"EntryPoint\",\"urlTemplate\":\"https:\\\/\\\/mclseminar.org\\\/es\\\/?s={search_term_string}\"},\"query-input\":{\"@type\":\"PropertyValueSpecification\",\"valueRequired\":true,\"valueName\":\"search_term_string\"}}],\"inLanguage\":\"es\"},{\"@type\":\"Organization\",\"@id\":\"https:\\\/\\\/mclseminar.org\\\/es\\\/#organization\",\"name\":\"Madrid Competition Litigation Seminar\",\"alternateName\":\"MCLS\",\"url\":\"https:\\\/\\\/mclseminar.org\\\/es\\\/\",\"logo\":{\"@type\":\"ImageObject\",\"inLanguage\":\"es\",\"@id\":\"https:\\\/\\\/mclseminar.org\\\/es\\\/#\\\/schema\\\/logo\\\/image\\\/\",\"url\":\"https:\\\/\\\/mclseminar.org\\\/wp-content\\\/uploads\\\/cropped-MCLS_siglas.webp\",\"contentUrl\":\"https:\\\/\\\/mclseminar.org\\\/wp-content\\\/uploads\\\/cropped-MCLS_siglas.webp\",\"width\":512,\"height\":512,\"caption\":\"Madrid Competition Litigation Seminar\"},\"image\":{\"@id\":\"https:\\\/\\\/mclseminar.org\\\/es\\\/#\\\/schema\\\/logo\\\/image\\\/\"}}]}<\/script>\n<!-- \/ Yoast SEO plugin. -->","yoast_head_json":{"title":"\u00c1rea privada MCLS \u00b7 Acceso para participantes registrados","description":"Acceso restringido al \u00e1rea privada de MCLS para participantes registrados: documentaci\u00f3n del seminario, materiales y recursos exclusivos.","robots":{"index":"noindex","follow":"follow"},"og_locale":"es_ES","og_type":"article","og_title":"\u00c1rea privada MCLS \u00b7 Acceso para participantes registrados","og_description":"Acceso restringido al \u00e1rea privada de MCLS para participantes registrados: documentaci\u00f3n del seminario, materiales y recursos exclusivos.","og_url":"https:\/\/mclseminar.org\/es\/area-privada\/","og_site_name":"MCLS","article_modified_time":"2025-12-02T14:26:31+00:00","og_image":[{"width":256,"height":256,"url":"https:\/\/mclseminar.org\/wp-content\/uploads\/337946.png","type":"image\/png"}],"twitter_card":"summary_large_image","twitter_misc":{"Tiempo de lectura":"1 minuto"},"schema":{"@context":"https:\/\/schema.org","@graph":[{"@type":"WebPage","@id":"https:\/\/mclseminar.org\/es\/area-privada\/","url":"https:\/\/mclseminar.org\/es\/area-privada\/","name":"\u00c1rea privada MCLS \u00b7 Acceso para participantes registrados","isPartOf":{"@id":"https:\/\/mclseminar.org\/es\/#website"},"primaryImageOfPage":{"@id":"https:\/\/mclseminar.org\/es\/area-privada\/#primaryimage"},"image":{"@id":"https:\/\/mclseminar.org\/es\/area-privada\/#primaryimage"},"thumbnailUrl":"https:\/\/mclseminar.org\/wp-content\/uploads\/337946.png","datePublished":"2025-10-22T13:23:24+00:00","dateModified":"2025-12-02T14:26:31+00:00","description":"Acceso restringido al \u00e1rea privada de MCLS para participantes registrados: documentaci\u00f3n del seminario, materiales y recursos exclusivos.","breadcrumb":{"@id":"https:\/\/mclseminar.org\/es\/area-privada\/#breadcrumb"},"inLanguage":"es","potentialAction":[{"@type":"ReadAction","target":["https:\/\/mclseminar.org\/es\/area-privada\/"]}]},{"@type":"ImageObject","inLanguage":"es","@id":"https:\/\/mclseminar.org\/es\/area-privada\/#primaryimage","url":"https:\/\/mclseminar.org\/wp-content\/uploads\/337946.png","contentUrl":"https:\/\/mclseminar.org\/wp-content\/uploads\/337946.png"},{"@type":"BreadcrumbList","@id":"https:\/\/mclseminar.org\/es\/area-privada\/#breadcrumb","itemListElement":[{"@type":"ListItem","position":1,"name":"Portada","item":"https:\/\/mclseminar.org\/es\/"},{"@type":"ListItem","position":2,"name":"\u00c1rea privada"}]},{"@type":"WebSite","@id":"https:\/\/mclseminar.org\/es\/#website","url":"https:\/\/mclseminar.org\/es\/","name":"Madrid Competition Litigation Seminar","description":"Madrid Competition Litigation Seminar","publisher":{"@id":"https:\/\/mclseminar.org\/es\/#organization"},"alternateName":"MCLS","potentialAction":[{"@type":"SearchAction","target":{"@type":"EntryPoint","urlTemplate":"https:\/\/mclseminar.org\/es\/?s={search_term_string}"},"query-input":{"@type":"PropertyValueSpecification","valueRequired":true,"valueName":"search_term_string"}}],"inLanguage":"es"},{"@type":"Organization","@id":"https:\/\/mclseminar.org\/es\/#organization","name":"Madrid Competition Litigation Seminar","alternateName":"MCLS","url":"https:\/\/mclseminar.org\/es\/","logo":{"@type":"ImageObject","inLanguage":"es","@id":"https:\/\/mclseminar.org\/es\/#\/schema\/logo\/image\/","url":"https:\/\/mclseminar.org\/wp-content\/uploads\/cropped-MCLS_siglas.webp","contentUrl":"https:\/\/mclseminar.org\/wp-content\/uploads\/cropped-MCLS_siglas.webp","width":512,"height":512,"caption":"Madrid Competition Litigation Seminar"},"image":{"@id":"https:\/\/mclseminar.org\/es\/#\/schema\/logo\/image\/"}}]}},"_links":{"self":[{"href":"https:\/\/mclseminar.org\/es\/wp-json\/wp\/v2\/pages\/1129","targetHints":{"allow":["GET"]}}],"collection":[{"href":"https:\/\/mclseminar.org\/es\/wp-json\/wp\/v2\/pages"}],"about":[{"href":"https:\/\/mclseminar.org\/es\/wp-json\/wp\/v2\/types\/page"}],"author":[{"embeddable":true,"href":"https:\/\/mclseminar.org\/es\/wp-json\/wp\/v2\/users\/1"}],"replies":[{"embeddable":true,"href":"https:\/\/mclseminar.org\/es\/wp-json\/wp\/v2\/comments?post=1129"}],"version-history":[{"count":5,"href":"https:\/\/mclseminar.org\/es\/wp-json\/wp\/v2\/pages\/1129\/revisions"}],"predecessor-version":[{"id":2683,"href":"https:\/\/mclseminar.org\/es\/wp-json\/wp\/v2\/pages\/1129\/revisions\/2683"}],"wp:attachment":[{"href":"https:\/\/mclseminar.org\/es\/wp-json\/wp\/v2\/media?parent=1129"}],"curies":[{"name":"wp","href":"https:\/\/api.w.org\/{rel}","templated":true}]}}