{"id":148,"date":"2025-10-02T11:50:00","date_gmt":"2025-10-02T10:50:00","guid":{"rendered":"https:\/\/mclseminar.org\/?page_id=148"},"modified":"2025-12-03T09:52:25","modified_gmt":"2025-12-03T08:52:25","slug":"contacto","status":"publish","type":"page","link":"https:\/\/mclseminar.org\/es\/contacto\/","title":{"rendered":"Contacto"},"content":{"rendered":"\t\t<div data-elementor-type=\"wp-page\" data-elementor-id=\"148\" class=\"elementor elementor-148\" data-elementor-post-type=\"page\">\n\t\t\t\t\t\t<section class=\"elementor-section elementor-top-section elementor-element elementor-element-1b82038 elementor-reverse-mobile elementor-section-boxed elementor-section-height-default elementor-section-height-default\" data-id=\"1b82038\" data-element_type=\"section\" data-e-type=\"section\" data-settings=\"{&quot;background_background&quot;:&quot;classic&quot;}\">\n\t\t\t\t\t\t<div class=\"elementor-container elementor-column-gap-default\">\n\t\t\t\t\t<div class=\"elementor-column elementor-col-50 elementor-top-column elementor-element elementor-element-977540e\" data-id=\"977540e\" data-element_type=\"column\" data-e-type=\"column\">\n\t\t\t<div class=\"elementor-widget-wrap elementor-element-populated\">\n\t\t\t\t\t\t<div class=\"elementor-element elementor-element-a129225 elementor-widget-mobile__width-inherit elementor-widget elementor-widget-heading\" data-id=\"a129225\" data-element_type=\"widget\" data-e-type=\"widget\" data-widget_type=\"heading.default\">\n\t\t\t\t<div class=\"elementor-widget-container\">\n\t\t\t\t\t<h1 class=\"elementor-heading-title elementor-size-default\">Contacto<\/h1>\t\t\t\t<\/div>\n\t\t\t\t<\/div>\n\t\t\t\t<div class=\"elementor-element elementor-element-1ed7c05 elementor-widget-mobile__width-inherit elementor-invisible elementor-widget elementor-widget-heading\" data-id=\"1ed7c05\" data-element_type=\"widget\" data-e-type=\"widget\" data-settings=\"{&quot;_animation&quot;:&quot;fadeInUp&quot;,&quot;_animation_tablet&quot;:&quot;none&quot;}\" data-widget_type=\"heading.default\">\n\t\t\t\t<div class=\"elementor-widget-container\">\n\t\t\t\t\t<h4 class=\"elementor-heading-title elementor-size-default\">Para m\u00e1s informaci\u00f3n, contacta con nosotros a trav\u00e9s del <b>formulario<\/b> o del <b>email<\/b>:<\/h4>\t\t\t\t<\/div>\n\t\t\t\t<\/div>\n\t\t\t\t<div class=\"elementor-element elementor-element-d412979 elementor-widget elementor-widget-spacer\" data-id=\"d412979\" data-element_type=\"widget\" data-e-type=\"widget\" data-widget_type=\"spacer.default\">\n\t\t\t\t<div class=\"elementor-widget-container\">\n\t\t\t\t\t\t\t<div class=\"elementor-spacer\">\n\t\t\t<div class=\"elementor-spacer-inner\"><\/div>\n\t\t<\/div>\n\t\t\t\t\t\t<\/div>\n\t\t\t\t<\/div>\n\t\t\t\t<div class=\"elementor-element elementor-element-6ebdb4f elementor-widget elementor-widget-heading\" data-id=\"6ebdb4f\" data-element_type=\"widget\" data-e-type=\"widget\" data-widget_type=\"heading.default\">\n\t\t\t\t<div class=\"elementor-widget-container\">\n\t\t\t\t\t<h4 class=\"elementor-heading-title elementor-size-default\">info@mclseminar.org<\/h4>\t\t\t\t<\/div>\n\t\t\t\t<\/div>\n\t\t\t\t<div class=\"elementor-element elementor-element-d0836c6 elementor-widget elementor-widget-spacer\" data-id=\"d0836c6\" data-element_type=\"widget\" data-e-type=\"widget\" data-widget_type=\"spacer.default\">\n\t\t\t\t<div class=\"elementor-widget-container\">\n\t\t\t\t\t\t\t<div class=\"elementor-spacer\">\n\t\t\t<div class=\"elementor-spacer-inner\"><\/div>\n\t\t<\/div>\n\t\t\t\t\t\t<\/div>\n\t\t\t\t<\/div>\n\t\t\t\t<div class=\"elementor-element elementor-element-788a328 elementor-widget elementor-widget-image\" data-id=\"788a328\" data-element_type=\"widget\" data-e-type=\"widget\" data-widget_type=\"image.default\">\n\t\t\t\t<div class=\"elementor-widget-container\">\n\t\t\t\t\t\t\t\t\t\t\t\t\t\t\t<img fetchpriority=\"high\" decoding=\"async\" width=\"768\" height=\"329\" src=\"https:\/\/mclseminar.org\/wp-content\/uploads\/MCLS_LOGO-blanco-768x329.webp\" class=\"attachment-medium_large size-medium_large wp-image-131\" alt=\"\" srcset=\"https:\/\/mclseminar.org\/wp-content\/uploads\/MCLS_LOGO-blanco-768x329.webp 768w, https:\/\/mclseminar.org\/wp-content\/uploads\/MCLS_LOGO-blanco.webp 930w\" sizes=\"(max-width: 768px) 100vw, 768px\" \/>\t\t\t\t\t\t\t\t\t\t\t\t\t\t\t<\/div>\n\t\t\t\t<\/div>\n\t\t\t\t\t<\/div>\n\t\t<\/div>\n\t\t\t\t<div class=\"elementor-column elementor-col-50 elementor-top-column elementor-element elementor-element-deeb67f\" data-id=\"deeb67f\" data-element_type=\"column\" data-e-type=\"column\">\n\t\t\t<div class=\"elementor-widget-wrap elementor-element-populated\">\n\t\t\t\t\t\t<section class=\"elementor-section elementor-inner-section elementor-element elementor-element-6c70230 elementor-section-boxed elementor-section-height-default elementor-section-height-default\" data-id=\"6c70230\" data-element_type=\"section\" data-e-type=\"section\" data-settings=\"{&quot;background_background&quot;:&quot;classic&quot;}\">\n\t\t\t\t\t\t<div class=\"elementor-container elementor-column-gap-default\">\n\t\t\t\t\t<div class=\"elementor-column elementor-col-100 elementor-inner-column elementor-element elementor-element-5103e1c\" data-id=\"5103e1c\" data-element_type=\"column\" data-e-type=\"column\">\n\t\t\t<div class=\"elementor-widget-wrap elementor-element-populated\">\n\t\t\t\t\t\t<div class=\"elementor-element elementor-element-07acdac elementor-button-align-start elementor-widget elementor-widget-form\" data-id=\"07acdac\" data-element_type=\"widget\" data-e-type=\"widget\" data-settings=\"{&quot;step_next_label&quot;:&quot;Siguiente&quot;,&quot;step_previous_label&quot;:&quot;Anterior&quot;,&quot;button_width&quot;:&quot;100&quot;,&quot;step_type&quot;:&quot;number_text&quot;,&quot;step_icon_shape&quot;:&quot;circle&quot;}\" data-widget_type=\"form.default\">\n\t\t\t\t<div class=\"elementor-widget-container\">\n\t\t\t\t\t\t\t<form class=\"elementor-form\" method=\"post\" name=\"Formulario contacto\" aria-label=\"Formulario contacto\">\n\t\t\t<input type=\"hidden\" name=\"post_id\" value=\"148\"\/>\n\t\t\t<input type=\"hidden\" name=\"form_id\" value=\"07acdac\"\/>\n\t\t\t<input type=\"hidden\" name=\"referer_title\" value=\"MCLS\" \/>\n\n\t\t\t\n\t\t\t<div class=\"elementor-form-fields-wrapper elementor-labels-\">\n\t\t\t\t\t\t\t\t<div class=\"elementor-field-type-text elementor-field-group elementor-column elementor-field-group-name elementor-col-100 elementor-field-required\">\n\t\t\t\t\t\t\t\t\t\t\t\t<label for=\"form-field-name\" class=\"elementor-field-label elementor-screen-only\">\n\t\t\t\t\t\t\t\tNombre\t\t\t\t\t\t\t<\/label>\n\t\t\t\t\t\t\t\t\t\t\t\t\t\t<input size=\"1\" type=\"text\" name=\"form_fields[name]\" id=\"form-field-name\" class=\"elementor-field elementor-size-sm  elementor-field-textual\" placeholder=\"Nombre completo\" required=\"required\">\n\t\t\t\t\t\t\t\t\t\t\t<\/div>\n\t\t\t\t\t\t\t\t<div class=\"elementor-field-type-text elementor-field-group elementor-column elementor-field-group-field_7b3c8fb elementor-col-100 elementor-field-required\">\n\t\t\t\t\t\t\t\t\t\t\t\t<label for=\"form-field-field_7b3c8fb\" class=\"elementor-field-label elementor-screen-only\">\n\t\t\t\t\t\t\t\tOrganizacion\t\t\t\t\t\t\t<\/label>\n\t\t\t\t\t\t\t\t\t\t\t\t\t\t<input size=\"1\" type=\"text\" name=\"form_fields[field_7b3c8fb]\" id=\"form-field-field_7b3c8fb\" class=\"elementor-field elementor-size-sm  elementor-field-textual\" placeholder=\"Organizaci\u00f3n\" required=\"required\">\n\t\t\t\t\t\t\t\t\t\t\t<\/div>\n\t\t\t\t\t\t\t\t<div class=\"elementor-field-type-email elementor-field-group elementor-column elementor-field-group-email elementor-col-100 elementor-field-required\">\n\t\t\t\t\t\t\t\t\t\t\t\t<label for=\"form-field-email\" class=\"elementor-field-label elementor-screen-only\">\n\t\t\t\t\t\t\t\tCorreo electr\u00f3nico\t\t\t\t\t\t\t<\/label>\n\t\t\t\t\t\t\t\t\t\t\t\t\t\t<input size=\"1\" type=\"email\" name=\"form_fields[email]\" id=\"form-field-email\" class=\"elementor-field elementor-size-sm  elementor-field-textual\" placeholder=\"Correo electr\u00f3nico\" required=\"required\">\n\t\t\t\t\t\t\t\t\t\t\t<\/div>\n\t\t\t\t\t\t\t\t<div class=\"elementor-field-type-textarea elementor-field-group elementor-column elementor-field-group-message elementor-col-100\">\n\t\t\t\t\t\t\t\t\t\t\t\t<label for=\"form-field-message\" class=\"elementor-field-label elementor-screen-only\">\n\t\t\t\t\t\t\t\tMensaje\t\t\t\t\t\t\t<\/label>\n\t\t\t\t\t\t<textarea class=\"elementor-field-textual elementor-field  elementor-size-sm\" name=\"form_fields[message]\" id=\"form-field-message\" rows=\"4\" placeholder=\"Mensaje\"><\/textarea>\t\t\t\t<\/div>\n\t\t\t\t\t\t\t\t<div class=\"elementor-field-type-acceptance elementor-field-group elementor-column elementor-field-group-field_e194927 elementor-col-100 elementor-field-required\">\n\t\t\t\t\t\t\t\t\t\t\t\t<label for=\"form-field-field_e194927\" class=\"elementor-field-label elementor-screen-only\">\n\t\t\t\t\t\t\t\tPrivacidad\t\t\t\t\t\t\t<\/label>\n\t\t\t\t\t\t\t\t<div class=\"elementor-field-subgroup\">\n\t\t\t<span class=\"elementor-field-option\">\n\t\t\t\t<input type=\"checkbox\" name=\"form_fields[field_e194927]\" id=\"form-field-field_e194927\" class=\"elementor-field elementor-size-sm  elementor-acceptance-field\" required=\"required\">\n\t\t\t\t<label for=\"form-field-field_e194927\">He le\u00eddo y acepto la \n<a href=\"\/politica-privacidad\/\" target=\"_blank\" style=\"color: white;\">\n  pol\u00edtica de privacidad\n<\/a>\n<\/label>\t\t\t<\/span>\n\t\t<\/div>\n\t\t\t\t\t\t<\/div>\n\t\t\t\t\t\t\t\t<div class=\"elementor-field-group elementor-column elementor-field-type-submit elementor-col-100 e-form__buttons\">\n\t\t\t\t\t<button class=\"elementor-button elementor-size-sm\" type=\"submit\">\n\t\t\t\t\t\t<span class=\"elementor-button-content-wrapper\">\n\t\t\t\t\t\t\t\t\t\t\t\t\t\t\t\t\t\t\t\t\t\t<span class=\"elementor-button-text\">Enviar<\/span>\n\t\t\t\t\t\t\t\t\t\t\t\t\t<\/span>\n\t\t\t\t\t<\/button>\n\t\t\t\t<\/div>\n\t\t\t<\/div>\n\t\t<\/form>\n\t\t\t\t\t\t<\/div>\n\t\t\t\t<\/div>\n\t\t\t\t<div class=\"elementor-element elementor-element-16a1184 elementor-widget elementor-widget-toggle\" data-id=\"16a1184\" data-element_type=\"widget\" data-e-type=\"widget\" data-widget_type=\"toggle.default\">\n\t\t\t\t<div class=\"elementor-widget-container\">\n\t\t\t\t\t\t\t<div class=\"elementor-toggle\">\n\t\t\t\t\t\t\t<div class=\"elementor-toggle-item\">\n\t\t\t\t\t<div id=\"elementor-tab-title-2371\" class=\"elementor-tab-title\" data-tab=\"1\" role=\"button\" aria-controls=\"elementor-tab-content-2371\" aria-expanded=\"false\">\n\t\t\t\t\t\t\t\t\t\t\t\t<span class=\"elementor-toggle-icon elementor-toggle-icon-left\" aria-hidden=\"true\">\n\t\t\t\t\t\t\t\t\t\t\t\t\t\t\t<span class=\"elementor-toggle-icon-closed\"><i class=\"fas fa-caret-right\"><\/i><\/span>\n\t\t\t\t\t\t\t\t<span class=\"elementor-toggle-icon-opened\"><i class=\"elementor-toggle-icon-opened fas fa-caret-up\"><\/i><\/span>\n\t\t\t\t\t\t\t\t\t\t\t\t\t<\/span>\n\t\t\t\t\t\t\t\t\t\t\t\t<a class=\"elementor-toggle-title\" tabindex=\"0\">Antes de enviar el formulario, debes leer la informaci\u00f3n b\u00e1sica sobre protecci\u00f3n de datos aqu\u00ed.<\/a>\n\t\t\t\t\t<\/div>\n\n\t\t\t\t\t<div id=\"elementor-tab-content-2371\" class=\"elementor-tab-content elementor-clearfix\" data-tab=\"1\" role=\"region\" aria-labelledby=\"elementor-tab-title-2371\"><p>Informaci\u00f3n b\u00e1sica sobre protecci\u00f3n de datos:<\/p><ul><li><strong>Responsable: <b>Hitchings Legal Services, S.L.P<\/b><\/strong><\/li><li><strong>Finalidad:\u00a0<\/strong>responder a tu consulta y enviarte informaci\u00f3n \u00fatil sobre nuestros servicios.<\/li><li><strong>Legitimaci\u00f3n:\u00a0<\/strong>tu consentimiento a trav\u00e9s de este formulario.<\/li><li><strong>Destinatarios: <\/strong>no tenemos previsto ceder sus datos a terceros, salvo por obligaci\u00f3n legal.\u00a0<\/li><li><strong>Derechos:\u00a0<\/strong>tienes derecho a acceder, rectificar, suprimir, portabilidad y oposici\u00f3n a tus datos. Los datos de contacto ser\u00e1n almacenados en nuestros servidores.\u00a0<\/li><li><strong>Info adicional:<\/strong>\u00a0puedes consultar la informaci\u00f3n adicional y detallada sobre protecci\u00f3n de datos en el enlace al pie de esta p\u00e1gina.<\/li><\/ul><\/div>\n\t\t\t\t<\/div>\n\t\t\t\t\t\t\t\t<\/div>\n\t\t\t\t\t\t<\/div>\n\t\t\t\t<\/div>\n\t\t\t\t\t<\/div>\n\t\t<\/div>\n\t\t\t\t\t<\/div>\n\t\t<\/section>\n\t\t\t\t\t<\/div>\n\t\t<\/div>\n\t\t\t\t\t<\/div>\n\t\t<\/section>\n\t\t\t\t<\/div>\n\t\t","protected":false},"excerpt":{"rendered":"<p>Contacto Para m\u00e1s informaci\u00f3n, contacta con nosotros a trav\u00e9s del formulario o del email: info@mclseminar.org Antes de enviar el formulario, debes leer la informaci\u00f3n b\u00e1sica sobre protecci\u00f3n de datos aqu\u00ed. Informaci\u00f3n b\u00e1sica sobre protecci\u00f3n de datos: Responsable: Hitchings Legal Services, S.L.P Finalidad:\u00a0responder a tu consulta y enviarte informaci\u00f3n \u00fatil sobre nuestros servicios. Legitimaci\u00f3n:\u00a0tu consentimiento a &#8230; <a title=\"Contacto\" class=\"read-more\" href=\"https:\/\/mclseminar.org\/es\/contacto\/\" aria-label=\"Leer m\u00e1s sobre Contacto\">Leer m\u00e1s<\/a><\/p>\n","protected":false},"author":1,"featured_media":0,"parent":0,"menu_order":0,"comment_status":"closed","ping_status":"closed","template":"elementor_header_footer","meta":{"footnotes":""},"class_list":["post-148","page","type-page","status-publish"],"yoast_head":"<!-- This site is optimized with the Yoast SEO plugin v27.3 - https:\/\/yoast.com\/product\/yoast-seo-wordpress\/ -->\n<title>Contacto MCLS \u00b7 Madrid Competition Litigation Seminar<\/title>\n<meta name=\"description\" content=\"Env\u00edanos tu consulta sobre el Madrid Competition Litigation Seminar 2026, inscripciones, programa, alojamiento o patrocinio.\" \/>\n<meta name=\"robots\" content=\"index, follow, max-snippet:-1, max-image-preview:large, max-video-preview:-1\" \/>\n<link rel=\"canonical\" href=\"https:\/\/mclseminar.org\/es\/contacto\/\" \/>\n<meta property=\"og:locale\" content=\"es_ES\" \/>\n<meta property=\"og:type\" content=\"article\" \/>\n<meta property=\"og:title\" content=\"Contacto MCLS \u00b7 Madrid Competition Litigation Seminar\" \/>\n<meta property=\"og:description\" content=\"Env\u00edanos tu consulta sobre el Madrid Competition Litigation Seminar 2026, inscripciones, programa, alojamiento o patrocinio.\" \/>\n<meta property=\"og:url\" content=\"https:\/\/mclseminar.org\/es\/contacto\/\" \/>\n<meta property=\"og:site_name\" content=\"MCLS\" \/>\n<meta property=\"article:modified_time\" content=\"2025-12-03T08:52:25+00:00\" \/>\n<meta property=\"og:image\" content=\"https:\/\/mclseminar.org\/wp-content\/uploads\/MCLS_LOGO.webp\" \/>\n\t<meta property=\"og:image:width\" content=\"1214\" \/>\n\t<meta property=\"og:image:height\" content=\"530\" \/>\n\t<meta property=\"og:image:type\" content=\"image\/webp\" \/>\n<meta name=\"twitter:card\" content=\"summary_large_image\" \/>\n<meta name=\"twitter:label1\" content=\"Tiempo de lectura\" \/>\n\t<meta name=\"twitter:data1\" content=\"1 minuto\" \/>\n<script type=\"application\/ld+json\" class=\"yoast-schema-graph\">{\"@context\":\"https:\\\/\\\/schema.org\",\"@graph\":[{\"@type\":\"WebPage\",\"@id\":\"https:\\\/\\\/mclseminar.org\\\/es\\\/contacto\\\/\",\"url\":\"https:\\\/\\\/mclseminar.org\\\/es\\\/contacto\\\/\",\"name\":\"Contacto MCLS \u00b7 Madrid Competition Litigation Seminar\",\"isPartOf\":{\"@id\":\"https:\\\/\\\/mclseminar.org\\\/es\\\/#website\"},\"primaryImageOfPage\":{\"@id\":\"https:\\\/\\\/mclseminar.org\\\/es\\\/contacto\\\/#primaryimage\"},\"image\":{\"@id\":\"https:\\\/\\\/mclseminar.org\\\/es\\\/contacto\\\/#primaryimage\"},\"thumbnailUrl\":\"https:\\\/\\\/mclseminar.org\\\/wp-content\\\/uploads\\\/MCLS_LOGO-blanco-768x329.webp\",\"datePublished\":\"2025-10-02T10:50:00+00:00\",\"dateModified\":\"2025-12-03T08:52:25+00:00\",\"description\":\"Env\u00edanos tu consulta sobre el Madrid Competition Litigation Seminar 2026, inscripciones, programa, alojamiento o patrocinio.\",\"breadcrumb\":{\"@id\":\"https:\\\/\\\/mclseminar.org\\\/es\\\/contacto\\\/#breadcrumb\"},\"inLanguage\":\"es\",\"potentialAction\":[{\"@type\":\"ReadAction\",\"target\":[\"https:\\\/\\\/mclseminar.org\\\/es\\\/contacto\\\/\"]}]},{\"@type\":\"ImageObject\",\"inLanguage\":\"es\",\"@id\":\"https:\\\/\\\/mclseminar.org\\\/es\\\/contacto\\\/#primaryimage\",\"url\":\"https:\\\/\\\/mclseminar.org\\\/wp-content\\\/uploads\\\/MCLS_LOGO-blanco-768x329.webp\",\"contentUrl\":\"https:\\\/\\\/mclseminar.org\\\/wp-content\\\/uploads\\\/MCLS_LOGO-blanco-768x329.webp\"},{\"@type\":\"BreadcrumbList\",\"@id\":\"https:\\\/\\\/mclseminar.org\\\/es\\\/contacto\\\/#breadcrumb\",\"itemListElement\":[{\"@type\":\"ListItem\",\"position\":1,\"name\":\"Portada\",\"item\":\"https:\\\/\\\/mclseminar.org\\\/es\\\/\"},{\"@type\":\"ListItem\",\"position\":2,\"name\":\"Contacto\"}]},{\"@type\":\"WebSite\",\"@id\":\"https:\\\/\\\/mclseminar.org\\\/es\\\/#website\",\"url\":\"https:\\\/\\\/mclseminar.org\\\/es\\\/\",\"name\":\"Madrid Competition Litigation Seminar\",\"description\":\"Madrid Competition Litigation Seminar\",\"publisher\":{\"@id\":\"https:\\\/\\\/mclseminar.org\\\/es\\\/#organization\"},\"alternateName\":\"MCLS\",\"potentialAction\":[{\"@type\":\"SearchAction\",\"target\":{\"@type\":\"EntryPoint\",\"urlTemplate\":\"https:\\\/\\\/mclseminar.org\\\/es\\\/?s={search_term_string}\"},\"query-input\":{\"@type\":\"PropertyValueSpecification\",\"valueRequired\":true,\"valueName\":\"search_term_string\"}}],\"inLanguage\":\"es\"},{\"@type\":\"Organization\",\"@id\":\"https:\\\/\\\/mclseminar.org\\\/es\\\/#organization\",\"name\":\"Madrid Competition Litigation Seminar\",\"alternateName\":\"MCLS\",\"url\":\"https:\\\/\\\/mclseminar.org\\\/es\\\/\",\"logo\":{\"@type\":\"ImageObject\",\"inLanguage\":\"es\",\"@id\":\"https:\\\/\\\/mclseminar.org\\\/es\\\/#\\\/schema\\\/logo\\\/image\\\/\",\"url\":\"https:\\\/\\\/mclseminar.org\\\/wp-content\\\/uploads\\\/cropped-MCLS_siglas.webp\",\"contentUrl\":\"https:\\\/\\\/mclseminar.org\\\/wp-content\\\/uploads\\\/cropped-MCLS_siglas.webp\",\"width\":512,\"height\":512,\"caption\":\"Madrid Competition Litigation Seminar\"},\"image\":{\"@id\":\"https:\\\/\\\/mclseminar.org\\\/es\\\/#\\\/schema\\\/logo\\\/image\\\/\"}}]}<\/script>\n<!-- \/ Yoast SEO plugin. -->","yoast_head_json":{"title":"Contacto MCLS \u00b7 Madrid Competition Litigation Seminar","description":"Env\u00edanos tu consulta sobre el Madrid Competition Litigation Seminar 2026, inscripciones, programa, alojamiento o patrocinio.","robots":{"index":"index","follow":"follow","max-snippet":"max-snippet:-1","max-image-preview":"max-image-preview:large","max-video-preview":"max-video-preview:-1"},"canonical":"https:\/\/mclseminar.org\/es\/contacto\/","og_locale":"es_ES","og_type":"article","og_title":"Contacto MCLS \u00b7 Madrid Competition Litigation Seminar","og_description":"Env\u00edanos tu consulta sobre el Madrid Competition Litigation Seminar 2026, inscripciones, programa, alojamiento o patrocinio.","og_url":"https:\/\/mclseminar.org\/es\/contacto\/","og_site_name":"MCLS","article_modified_time":"2025-12-03T08:52:25+00:00","og_image":[{"width":1214,"height":530,"url":"https:\/\/mclseminar.org\/wp-content\/uploads\/MCLS_LOGO.webp","type":"image\/webp"}],"twitter_card":"summary_large_image","twitter_misc":{"Tiempo de lectura":"1 minuto"},"schema":{"@context":"https:\/\/schema.org","@graph":[{"@type":"WebPage","@id":"https:\/\/mclseminar.org\/es\/contacto\/","url":"https:\/\/mclseminar.org\/es\/contacto\/","name":"Contacto MCLS \u00b7 Madrid Competition Litigation Seminar","isPartOf":{"@id":"https:\/\/mclseminar.org\/es\/#website"},"primaryImageOfPage":{"@id":"https:\/\/mclseminar.org\/es\/contacto\/#primaryimage"},"image":{"@id":"https:\/\/mclseminar.org\/es\/contacto\/#primaryimage"},"thumbnailUrl":"https:\/\/mclseminar.org\/wp-content\/uploads\/MCLS_LOGO-blanco-768x329.webp","datePublished":"2025-10-02T10:50:00+00:00","dateModified":"2025-12-03T08:52:25+00:00","description":"Env\u00edanos tu consulta sobre el Madrid Competition Litigation Seminar 2026, inscripciones, programa, alojamiento o patrocinio.","breadcrumb":{"@id":"https:\/\/mclseminar.org\/es\/contacto\/#breadcrumb"},"inLanguage":"es","potentialAction":[{"@type":"ReadAction","target":["https:\/\/mclseminar.org\/es\/contacto\/"]}]},{"@type":"ImageObject","inLanguage":"es","@id":"https:\/\/mclseminar.org\/es\/contacto\/#primaryimage","url":"https:\/\/mclseminar.org\/wp-content\/uploads\/MCLS_LOGO-blanco-768x329.webp","contentUrl":"https:\/\/mclseminar.org\/wp-content\/uploads\/MCLS_LOGO-blanco-768x329.webp"},{"@type":"BreadcrumbList","@id":"https:\/\/mclseminar.org\/es\/contacto\/#breadcrumb","itemListElement":[{"@type":"ListItem","position":1,"name":"Portada","item":"https:\/\/mclseminar.org\/es\/"},{"@type":"ListItem","position":2,"name":"Contacto"}]},{"@type":"WebSite","@id":"https:\/\/mclseminar.org\/es\/#website","url":"https:\/\/mclseminar.org\/es\/","name":"Madrid Competition Litigation Seminar","description":"Madrid Competition Litigation Seminar","publisher":{"@id":"https:\/\/mclseminar.org\/es\/#organization"},"alternateName":"MCLS","potentialAction":[{"@type":"SearchAction","target":{"@type":"EntryPoint","urlTemplate":"https:\/\/mclseminar.org\/es\/?s={search_term_string}"},"query-input":{"@type":"PropertyValueSpecification","valueRequired":true,"valueName":"search_term_string"}}],"inLanguage":"es"},{"@type":"Organization","@id":"https:\/\/mclseminar.org\/es\/#organization","name":"Madrid Competition Litigation Seminar","alternateName":"MCLS","url":"https:\/\/mclseminar.org\/es\/","logo":{"@type":"ImageObject","inLanguage":"es","@id":"https:\/\/mclseminar.org\/es\/#\/schema\/logo\/image\/","url":"https:\/\/mclseminar.org\/wp-content\/uploads\/cropped-MCLS_siglas.webp","contentUrl":"https:\/\/mclseminar.org\/wp-content\/uploads\/cropped-MCLS_siglas.webp","width":512,"height":512,"caption":"Madrid Competition Litigation Seminar"},"image":{"@id":"https:\/\/mclseminar.org\/es\/#\/schema\/logo\/image\/"}}]}},"_links":{"self":[{"href":"https:\/\/mclseminar.org\/es\/wp-json\/wp\/v2\/pages\/148","targetHints":{"allow":["GET"]}}],"collection":[{"href":"https:\/\/mclseminar.org\/es\/wp-json\/wp\/v2\/pages"}],"about":[{"href":"https:\/\/mclseminar.org\/es\/wp-json\/wp\/v2\/types\/page"}],"author":[{"embeddable":true,"href":"https:\/\/mclseminar.org\/es\/wp-json\/wp\/v2\/users\/1"}],"replies":[{"embeddable":true,"href":"https:\/\/mclseminar.org\/es\/wp-json\/wp\/v2\/comments?post=148"}],"version-history":[{"count":5,"href":"https:\/\/mclseminar.org\/es\/wp-json\/wp\/v2\/pages\/148\/revisions"}],"predecessor-version":[{"id":2728,"href":"https:\/\/mclseminar.org\/es\/wp-json\/wp\/v2\/pages\/148\/revisions\/2728"}],"wp:attachment":[{"href":"https:\/\/mclseminar.org\/es\/wp-json\/wp\/v2\/media?parent=148"}],"curies":[{"name":"wp","href":"https:\/\/api.w.org\/{rel}","templated":true}]}}