{"id":1841,"date":"2025-11-17T09:56:58","date_gmt":"2025-11-17T08:56:58","guid":{"rendered":"https:\/\/mclseminar.org\/?page_id=1841"},"modified":"2025-11-19T14:01:46","modified_gmt":"2025-11-19T13:01:46","slug":"politica-de-cookies","status":"publish","type":"page","link":"https:\/\/mclseminar.org\/es\/politica-de-cookies\/","title":{"rendered":"Pol\u00edtica de cookies"},"content":{"rendered":"\t\t<div data-elementor-type=\"wp-page\" data-elementor-id=\"1841\" class=\"elementor elementor-1841\" data-elementor-post-type=\"page\">\n\t\t\t\t\t\t<section class=\"elementor-section elementor-top-section elementor-element elementor-element-e962bb9 elementor-section-height-min-height elementor-section-items-bottom elementor-section-boxed elementor-section-height-default\" data-id=\"e962bb9\" data-element_type=\"section\" data-e-type=\"section\" data-settings=\"{&quot;background_background&quot;:&quot;classic&quot;}\">\n\t\t\t\t\t\t\t<div class=\"elementor-background-overlay\"><\/div>\n\t\t\t\t\t\t\t<div class=\"elementor-container elementor-column-gap-default\">\n\t\t\t\t\t<div class=\"elementor-column elementor-col-100 elementor-top-column elementor-element elementor-element-4450f5a\" data-id=\"4450f5a\" data-element_type=\"column\" data-e-type=\"column\" data-settings=\"{&quot;background_background&quot;:&quot;classic&quot;}\">\n\t\t\t<div class=\"elementor-widget-wrap elementor-element-populated\">\n\t\t\t\t\t<div class=\"elementor-background-overlay\"><\/div>\n\t\t\t\t\t\t<div class=\"elementor-element elementor-element-e05d6c9 animated-slow elementor-invisible elementor-widget elementor-widget-heading\" data-id=\"e05d6c9\" data-element_type=\"widget\" data-e-type=\"widget\" data-settings=\"{&quot;_animation&quot;:&quot;fadeIn&quot;}\" data-widget_type=\"heading.default\">\n\t\t\t\t<div class=\"elementor-widget-container\">\n\t\t\t\t\t<h1 class=\"elementor-heading-title elementor-size-default\">Pol\u00edtica de cookies<\/h1>\t\t\t\t<\/div>\n\t\t\t\t<\/div>\n\t\t\t\t\t<\/div>\n\t\t<\/div>\n\t\t\t\t\t<\/div>\n\t\t<\/section>\n\t\t\t\t<section class=\"elementor-section elementor-top-section elementor-element elementor-element-1a746823 elementor-section-height-min-height elementor-section-items-top elementor-section-boxed elementor-section-height-default\" data-id=\"1a746823\" data-element_type=\"section\" data-e-type=\"section\" data-settings=\"{&quot;background_background&quot;:&quot;classic&quot;}\">\n\t\t\t\t\t\t<div class=\"elementor-container elementor-column-gap-default\">\n\t\t\t\t\t<div class=\"elementor-column elementor-col-100 elementor-top-column elementor-element elementor-element-7a21f526\" data-id=\"7a21f526\" data-element_type=\"column\" data-e-type=\"column\">\n\t\t\t<div class=\"elementor-widget-wrap elementor-element-populated\">\n\t\t\t\t\t\t<div class=\"elementor-element elementor-element-2a273ca6 elementor-widget-mobile__width-inherit elementor-widget elementor-widget-text-editor\" data-id=\"2a273ca6\" data-element_type=\"widget\" data-e-type=\"widget\" data-widget_type=\"text-editor.default\">\n\t\t\t\t<div class=\"elementor-widget-container\">\n\t\t\t\t\t\t\t\t\t<h3><strong>1. \u00bfQU\u00c9 SON LAS COOKIES?<\/strong><\/h3>\n<p>Las Cookies son archivos de datos que se almacenan en su navegador y en su equipo cuando visita cualquier p\u00e1gina web. Las cookies pueden tener diversas utilidades como, por ejemplo, reconocer al usuario, almacenamiento y recuperaci\u00f3n de informaci\u00f3n sobre los h\u00e1bitos de navegaci\u00f3n de un usuario o personalizar la forma en que se muestra el contenido.\u00a0\u00a0<\/p>\n<h3><strong>2. \u00bfQU\u00c9 INFORMACI\u00d3N ALMACENAN LAS COOKIES?<\/strong><\/h3>\n<p>Las cookies almacenan informaci\u00f3n de car\u00e1cter t\u00e9cnico, preferencias personales, personalizaci\u00f3n de contenidos. Las cookies normalmente no contienen ninguna informaci\u00f3n personal.\u00a0<\/p>\n<p>Toda la informaci\u00f3n personal que puedan contener es \u00fanicamente la que el usuario haya introducido en un formulario del sitio.<\/p>\n<p>La mayor parte del tiempo, cuando una cookie contiene informaci\u00f3n personal, \u00e9sta est\u00e1 codificada de forma que es ilegible para cualquier tercera parte que pudiera tener acceso a su archivo de cookies.<\/p>\n<ul>\n<li><strong>3. \u00bfQU\u00c9 TIPO DE COOKIES EXISTEN?<\/strong><\/li>\n<\/ul>\n<p>Seg\u00fan la entidad que gestione el dominio desde donde se env\u00edan las cookies y trate los datos que se obtengan, se distinguen:\u00a0<\/p>\n<ul>\n<li>Cookies propias: se env\u00edan al equipo terminal del usuario desde un equipo o dominio gestionado por el propio editor y desde el que se presta el servicio solicitado por el usuario.\u00a0<\/li>\n<li>Cookies de terceros: se env\u00edan al equipo terminal del usuario desde un equipo o dominio que no es gestionado por el editor, sino por otra entidad que trata los datos obtenidos trav\u00e9s de las cookies.<\/li>\n<\/ul>\n<p>Seg\u00fan el plazo de tiempo que permanecen almacenadas en el navegador del usuario, se distinguen:\u00a0<\/p>\n<ul>\n<li>Cookies de sesi\u00f3n: recaban y almacenan datos mientras el usuario accede a una p\u00e1gina web. Se suelen emplear para almacenar informaci\u00f3n que solo interesa conservar para la prestaci\u00f3n del servicio solicitado por el usuario en una sola ocasi\u00f3n (p.e. una lista de productos adquiridos).\u00a0<\/li>\n<li>Cookies persistentes: Los datos siguen almacenados en el terminal y pueden ser accedidos y tratados durante un periodo definido por el responsable de la cookie, y que puede ir de unos minutos a varios a\u00f1os.<\/li>\n<\/ul>\n<p>Seg\u00fan la finalidad para la que se traten los datos obtenidos, se distinguen las siguientes cookies:<\/p>\n<ul>\n<li>Cookies t\u00e9cnicas: permiten al usuario la navegaci\u00f3n a trav\u00e9s de una p\u00e1gina web, plataforma o aplicaci\u00f3n y la utilizaci\u00f3n de las diferentes opciones o servicios que en ella existan como, por ejemplo, controlar el tr\u00e1fico y la comunicaci\u00f3n de datos, identificar la sesi\u00f3n, acceder a partes de acceso restringido, recordar los elementos que integran un pedido, realizar el proceso de compra de un pedido, realizar la solicitud de inscripci\u00f3n o participaci\u00f3n en un evento, utilizar elementos de seguridad durante la navegaci\u00f3n, almacenar contenidos para la difusi\u00f3n de v\u00eddeos o sonido o compartir contenidos a trav\u00e9s de redes sociales.\u00a0<\/li>\n<li>Cookies de personalizaci\u00f3n: Permiten al usuario acceder al servicio con algunas caracter\u00edsticas de car\u00e1cter general predefinidas en funci\u00f3n de una serie de criterios en el terminal del usuario como por ejemplo serian el idioma, el tipo de navegador a trav\u00e9s del cual accede al servicio, la configuraci\u00f3n regional desde donde accede al servicio, etc.\u00a0<\/li>\n<li>Cookies de an\u00e1lisis: Permiten al responsable, el seguimiento y an\u00e1lisis del comportamiento de los usuarios de los sitios web a los que est\u00e1n vinculadas. La informaci\u00f3n recogida mediante este tipo de cookies se utiliza en la medici\u00f3n de la actividad de los sitios web, aplicaci\u00f3n o plataforma y para la elaboraci\u00f3n de perfiles de navegaci\u00f3n de los usuarios de dichos sitios, aplicaciones y plataformas, con el fin de introducir mejoras en funci\u00f3n del an\u00e1lisis de los datos de uso que hacen los usuarios del servicio.\u00a0<\/li>\n<li>Cookies publicitarias: Permiten la gesti\u00f3n, de la forma m\u00e1s eficaz posible, de los espacios publicitarios.\u00a0<\/li>\n<li>Cookies de publicidad comportamental: Almacenan informaci\u00f3n del comportamiento de los usuarios obtenida a trav\u00e9s de la observaci\u00f3n continuada de sus h\u00e1bitos de navegaci\u00f3n, lo que permite desarrollar un perfil espec\u00edfico para mostrar publicidad en funci\u00f3n del mismo.\u00a0<\/li>\n<li>Cookies de redes sociales externas: Se utilizan para que los visitantes puedan interactuar con el contenido de diferentes plataformas sociales (facebook, youtube, twitter, linkedIn, etc..) y que se generen \u00fanicamente para los usuarios de dichas redes sociales. Las condiciones de utilizaci\u00f3n de estas cookies y la informaci\u00f3n recopilada se regulan por la pol\u00edtica de privacidad de la plataforma social correspondiente.<\/li>\n<\/ul>\n<h3><strong>4. QU\u00c9 COOKIES SE UTILIZAN EN LA P\u00c1GINA WEB<\/strong><\/h3>\n<section id=\"cookies-es\">\n<table aria-label=\"Cuadro de cookies (Espa\u00f1ol)\">\n<thead>\n<tr>\n<th>Tipo \/ Categor\u00eda<\/th>\n<th>Finalidad<\/th>\n<th>Nombre(s) de la cookie<\/th>\n<th>Duraci\u00f3n<\/th>\n<th>Titular<\/th>\n<\/tr>\n<\/thead>\n<tbody>\n<tr>\n<td>Propias \u00b7 Personalizaci\u00f3n<\/td>\n<td>Recordar con qu\u00e9 personas o sitios has interactuado para mostrarte contenido relacionado.<\/td>\n<td>SIDCC, HSID, SSID, APISID, SAPISID<\/td>\n<td>SIDCC: 1 a\u00f1o \u00b7 HSID\/SSID\/APISID\/SAPISID: 2 a\u00f1os<\/td>\n<td>Este sitio<\/td>\n<\/tr>\n<tr>\n<td>Propias \u00b7 Preferencias<\/td>\n<td>Recordar tus ajustes y preferencias (idioma, privacidad).<\/td>\n<td>moove_gdpr_popup<\/td>\n<td>Hasta finalizar la sesi\u00f3n<\/td>\n<td>Este sitio<\/td>\n<\/tr>\n<tr>\n<td>Propias \u00b7 Seguridad<\/td>\n<td>Prevenir riesgos de seguridad.<\/td>\n<td>Secure3PAPISID, Secure-HSID, Secure-SSID, Secure-APSID<\/td>\n<td>Secure3PAPISID: 2 a\u00f1os \u00b7 Secure-HSID\/SSID\/APSID: 2 meses<\/td>\n<td>Este sitio<\/td>\n<\/tr>\n<tr>\n<td>Terceros \u00b7 Google Analytics<\/td>\n<td>Analizar el uso del sitio web y mejorar su usabilidad (no se asocian datos que identifiquen al usuario).<\/td>\n<td>_ga, _gat, _gat_gtag, _gid, _dc_gtm_UA<\/td>\n<td>_ga: 2 a\u00f1os \u00b7 _gat y _dc_gtm_UA: sesi\u00f3n \u00b7 _gid: 1 d\u00eda<\/td>\n<td>Google Inc.<\/td>\n<\/tr>\n<tr>\n<td colspan=\"5\">Esta web utiliza\u00a0<strong>Google Analytics<\/strong>, un servicio de an\u00e1lisis web de Google Inc.<br \/>Consulta el\u00a0<a href=\"https:\/\/policies.google.com\/technologies\/cookies?hl=es\" target=\"_blank\" rel=\"noopener\">tipo de cookies utilizadas por Google<\/a>.<br \/>Puedes gestionar tus preferencias en nuestro\u00a0<a href=\"https:\/\/hitchings-gonzalez.com\/politica-de-cookies\/#\" target=\"_blank\" rel=\"noopener\">Centro de Preferencias de Cookies<\/a>.<\/td>\n<\/tr>\n<\/tbody>\n<\/table>\n<h3><strong>5. LEGITIMACI\u00d3N Y PLAZOS DE CONSERVACI\u00d3N DE LAS COOKIES QUE SE INSTALAN EN SU NAVEGADOR<\/strong><\/h3>\n<p>Al entrar en la p\u00e1gina web, se activar\u00e1 un aviso de cookies que permitir\u00e1 al usuario aceptar la instalaci\u00f3n de todas las cookies empleadas por el sitio web o bien, no autorizar la utilizaci\u00f3n de cookies, pudiendo acceder al apartado de Configuraci\u00f3n de Preferencias de Cookies, para desactivarlas todas o seleccionar y autorizar la instalaci\u00f3n de aquellas cookies que resulten de su inter\u00e9s. El Usuario podr\u00e1 modificar sus preferencias posteriormente clicando en el enlace Gestionar cookies, que se encuentra en la parte inferior de la p\u00e1gina web, comprometi\u00e9ndonos as\u00ed a que el usuario pueda revocar de forma sencilla y en cualquier momento el consentimiento otorgado. No obstante, se le informa de que, al utilizar el sitio web, el usuario acepta expresamente y en todo caso, la instalaci\u00f3n de cookies de car\u00e1cter t\u00e9cnico y necesario para el correcto funcionamiento del Sitio Web. Se informa al usuario de que la informaci\u00f3n obtenida por la utilizaci\u00f3n de cookies se conservar\u00e1 durante los plazos de persistencia de las mismas.<\/p>\n<h3><strong>6. DESACTIVACI\u00d3N Y ELIMINACI\u00d3N DE COOKIES<\/strong><\/h3>\n<p>El usuario puede permitir, bloquear o eliminar las cookies instaladas en su equipo mediante la configuraci\u00f3n de las opciones del navegador. Al desactivar cookies, algunos de los servicios disponibles podr\u00edan dejar de estar operativos. La forma de deshabilitar las cookies es diferente para cada navegador.\u00a0<\/p>\n<p>Navegador Chrome:<a href=\"https:\/\/support.google.com\/accounts\/answer\/61416?hl=es\">https:\/\/support.google.com\/accounts\/answer\/61416?hl=es<\/a><\/p>\n<p>Navegador Internet Explorer:<a href=\"https:\/\/support.microsoft.com\/es-es\/windows\/eliminar-y-administrar-cookies-168dab11-0753-043d-7c16-ede5947fc64d\">https:\/\/support.microsoft.com\/es-es\/windows\/eliminar-y-administrar-cookies-168dab11-0753-043d-7c16-ede5947fc64d<\/a><\/p>\n<p>Navegador Mozilla Firefox:<a href=\"https:\/\/support.mozilla.org\/es\/kb\/impedir-que-los-sitios-web-guarden-sus-preferencia\">https:\/\/support.mozilla.org\/es\/kb\/impedir-que-los-sitios-web-guarden-sus-preferencia<\/a><\/p>\n<p>Navegador Safari para OSX:<a href=\"http:\/\/safari.helpmax.net\/es\/privacidad-y-seguridad\/como-gestionar-las-cookies\/\">http:\/\/safari.helpmax.net\/es\/privacidad-y-seguridad\/como-gestionar-las-cookies\/<\/a><\/p>\n<p>Navegador Opera:<a href=\"https:\/\/help.opera.com\/en\/latest\/web-preferences\/#cookies\">https:\/\/help.opera.com\/en\/latest\/web-preferences\/#cookies<\/a><\/p>\n<\/section>\t\t\t\t\t\t\t\t<\/div>\n\t\t\t\t<\/div>\n\t\t\t\t\t<\/div>\n\t\t<\/div>\n\t\t\t\t\t<\/div>\n\t\t<\/section>\n\t\t\t\t<\/div>\n\t\t","protected":false},"excerpt":{"rendered":"<p>1. \u00bfQU\u00c9 SON LAS COOKIES? Las Cookies son archivos de datos que se almacenan en su navegador y en su equipo cuando visita cualquier p\u00e1gina web. Las cookies pueden tener diversas utilidades como, por ejemplo, reconocer al usuario, almacenamiento y recuperaci\u00f3n de informaci\u00f3n sobre los h\u00e1bitos de navegaci\u00f3n de un usuario o personalizar la forma &#8230; <a title=\"Pol\u00edtica de cookies\" class=\"read-more\" href=\"https:\/\/mclseminar.org\/es\/politica-de-cookies\/\" aria-label=\"Leer m\u00e1s sobre Pol\u00edtica de cookies\">Leer m\u00e1s<\/a><\/p>\n","protected":false},"author":1,"featured_media":0,"parent":0,"menu_order":0,"comment_status":"closed","ping_status":"closed","template":"elementor_header_footer","meta":{"footnotes":""},"class_list":["post-1841","page","type-page","status-publish"],"yoast_head":"<!-- This site is optimized with the Yoast SEO plugin v27.3 - https:\/\/yoast.com\/product\/yoast-seo-wordpress\/ -->\n<title>Pol\u00edtica de cookies &#183; MCLS<\/title>\n<meta name=\"robots\" content=\"noindex, follow\" \/>\n<meta property=\"og:locale\" content=\"es_ES\" \/>\n<meta property=\"og:type\" content=\"article\" \/>\n<meta property=\"og:title\" content=\"Pol\u00edtica de cookies &#183; MCLS\" \/>\n<meta property=\"og:description\" content=\"1. \u00bfQU\u00c9 SON LAS COOKIES? Las Cookies son archivos de datos que se almacenan en su navegador y en su equipo cuando visita cualquier p\u00e1gina web. Las cookies pueden tener diversas utilidades como, por ejemplo, reconocer al usuario, almacenamiento y recuperaci\u00f3n de informaci\u00f3n sobre los h\u00e1bitos de navegaci\u00f3n de un usuario o personalizar la forma ... Leer m\u00e1s\" \/>\n<meta property=\"og:url\" content=\"https:\/\/mclseminar.org\/es\/politica-de-cookies\/\" \/>\n<meta property=\"og:site_name\" content=\"MCLS\" \/>\n<meta property=\"article:modified_time\" content=\"2025-11-19T13:01:46+00:00\" \/>\n<meta property=\"og:image\" content=\"https:\/\/mclseminar.org\/wp-content\/uploads\/MCLS_LOGO.webp\" \/>\n\t<meta property=\"og:image:width\" content=\"1214\" \/>\n\t<meta property=\"og:image:height\" content=\"530\" \/>\n\t<meta property=\"og:image:type\" content=\"image\/webp\" \/>\n<meta name=\"twitter:card\" content=\"summary_large_image\" \/>\n<meta name=\"twitter:label1\" content=\"Tiempo de lectura\" \/>\n\t<meta name=\"twitter:data1\" content=\"6 minutos\" \/>\n<script type=\"application\/ld+json\" class=\"yoast-schema-graph\">{\"@context\":\"https:\\\/\\\/schema.org\",\"@graph\":[{\"@type\":\"WebPage\",\"@id\":\"https:\\\/\\\/mclseminar.org\\\/es\\\/politica-de-cookies\\\/\",\"url\":\"https:\\\/\\\/mclseminar.org\\\/es\\\/politica-de-cookies\\\/\",\"name\":\"Pol\u00edtica de cookies &#183; MCLS\",\"isPartOf\":{\"@id\":\"https:\\\/\\\/mclseminar.org\\\/es\\\/#website\"},\"datePublished\":\"2025-11-17T08:56:58+00:00\",\"dateModified\":\"2025-11-19T13:01:46+00:00\",\"breadcrumb\":{\"@id\":\"https:\\\/\\\/mclseminar.org\\\/es\\\/politica-de-cookies\\\/#breadcrumb\"},\"inLanguage\":\"es\",\"potentialAction\":[{\"@type\":\"ReadAction\",\"target\":[\"https:\\\/\\\/mclseminar.org\\\/es\\\/politica-de-cookies\\\/\"]}]},{\"@type\":\"BreadcrumbList\",\"@id\":\"https:\\\/\\\/mclseminar.org\\\/es\\\/politica-de-cookies\\\/#breadcrumb\",\"itemListElement\":[{\"@type\":\"ListItem\",\"position\":1,\"name\":\"Portada\",\"item\":\"https:\\\/\\\/mclseminar.org\\\/es\\\/\"},{\"@type\":\"ListItem\",\"position\":2,\"name\":\"Pol\u00edtica de cookies\"}]},{\"@type\":\"WebSite\",\"@id\":\"https:\\\/\\\/mclseminar.org\\\/es\\\/#website\",\"url\":\"https:\\\/\\\/mclseminar.org\\\/es\\\/\",\"name\":\"Madrid Competition Litigation Seminar\",\"description\":\"Madrid Competition Litigation Seminar\",\"publisher\":{\"@id\":\"https:\\\/\\\/mclseminar.org\\\/es\\\/#organization\"},\"alternateName\":\"MCLS\",\"potentialAction\":[{\"@type\":\"SearchAction\",\"target\":{\"@type\":\"EntryPoint\",\"urlTemplate\":\"https:\\\/\\\/mclseminar.org\\\/es\\\/?s={search_term_string}\"},\"query-input\":{\"@type\":\"PropertyValueSpecification\",\"valueRequired\":true,\"valueName\":\"search_term_string\"}}],\"inLanguage\":\"es\"},{\"@type\":\"Organization\",\"@id\":\"https:\\\/\\\/mclseminar.org\\\/es\\\/#organization\",\"name\":\"Madrid Competition Litigation Seminar\",\"alternateName\":\"MCLS\",\"url\":\"https:\\\/\\\/mclseminar.org\\\/es\\\/\",\"logo\":{\"@type\":\"ImageObject\",\"inLanguage\":\"es\",\"@id\":\"https:\\\/\\\/mclseminar.org\\\/es\\\/#\\\/schema\\\/logo\\\/image\\\/\",\"url\":\"https:\\\/\\\/mclseminar.org\\\/wp-content\\\/uploads\\\/cropped-MCLS_siglas.webp\",\"contentUrl\":\"https:\\\/\\\/mclseminar.org\\\/wp-content\\\/uploads\\\/cropped-MCLS_siglas.webp\",\"width\":512,\"height\":512,\"caption\":\"Madrid Competition Litigation Seminar\"},\"image\":{\"@id\":\"https:\\\/\\\/mclseminar.org\\\/es\\\/#\\\/schema\\\/logo\\\/image\\\/\"}}]}<\/script>\n<!-- \/ Yoast SEO plugin. -->","yoast_head_json":{"title":"Pol\u00edtica de cookies &#183; MCLS","robots":{"index":"noindex","follow":"follow"},"og_locale":"es_ES","og_type":"article","og_title":"Pol\u00edtica de cookies &#183; MCLS","og_description":"1. \u00bfQU\u00c9 SON LAS COOKIES? Las Cookies son archivos de datos que se almacenan en su navegador y en su equipo cuando visita cualquier p\u00e1gina web. Las cookies pueden tener diversas utilidades como, por ejemplo, reconocer al usuario, almacenamiento y recuperaci\u00f3n de informaci\u00f3n sobre los h\u00e1bitos de navegaci\u00f3n de un usuario o personalizar la forma ... Leer m\u00e1s","og_url":"https:\/\/mclseminar.org\/es\/politica-de-cookies\/","og_site_name":"MCLS","article_modified_time":"2025-11-19T13:01:46+00:00","og_image":[{"width":1214,"height":530,"url":"https:\/\/mclseminar.org\/wp-content\/uploads\/MCLS_LOGO.webp","type":"image\/webp"}],"twitter_card":"summary_large_image","twitter_misc":{"Tiempo de lectura":"6 minutos"},"schema":{"@context":"https:\/\/schema.org","@graph":[{"@type":"WebPage","@id":"https:\/\/mclseminar.org\/es\/politica-de-cookies\/","url":"https:\/\/mclseminar.org\/es\/politica-de-cookies\/","name":"Pol\u00edtica de cookies &#183; MCLS","isPartOf":{"@id":"https:\/\/mclseminar.org\/es\/#website"},"datePublished":"2025-11-17T08:56:58+00:00","dateModified":"2025-11-19T13:01:46+00:00","breadcrumb":{"@id":"https:\/\/mclseminar.org\/es\/politica-de-cookies\/#breadcrumb"},"inLanguage":"es","potentialAction":[{"@type":"ReadAction","target":["https:\/\/mclseminar.org\/es\/politica-de-cookies\/"]}]},{"@type":"BreadcrumbList","@id":"https:\/\/mclseminar.org\/es\/politica-de-cookies\/#breadcrumb","itemListElement":[{"@type":"ListItem","position":1,"name":"Portada","item":"https:\/\/mclseminar.org\/es\/"},{"@type":"ListItem","position":2,"name":"Pol\u00edtica de cookies"}]},{"@type":"WebSite","@id":"https:\/\/mclseminar.org\/es\/#website","url":"https:\/\/mclseminar.org\/es\/","name":"Madrid Competition Litigation Seminar","description":"Madrid Competition Litigation Seminar","publisher":{"@id":"https:\/\/mclseminar.org\/es\/#organization"},"alternateName":"MCLS","potentialAction":[{"@type":"SearchAction","target":{"@type":"EntryPoint","urlTemplate":"https:\/\/mclseminar.org\/es\/?s={search_term_string}"},"query-input":{"@type":"PropertyValueSpecification","valueRequired":true,"valueName":"search_term_string"}}],"inLanguage":"es"},{"@type":"Organization","@id":"https:\/\/mclseminar.org\/es\/#organization","name":"Madrid Competition Litigation Seminar","alternateName":"MCLS","url":"https:\/\/mclseminar.org\/es\/","logo":{"@type":"ImageObject","inLanguage":"es","@id":"https:\/\/mclseminar.org\/es\/#\/schema\/logo\/image\/","url":"https:\/\/mclseminar.org\/wp-content\/uploads\/cropped-MCLS_siglas.webp","contentUrl":"https:\/\/mclseminar.org\/wp-content\/uploads\/cropped-MCLS_siglas.webp","width":512,"height":512,"caption":"Madrid Competition Litigation Seminar"},"image":{"@id":"https:\/\/mclseminar.org\/es\/#\/schema\/logo\/image\/"}}]}},"_links":{"self":[{"href":"https:\/\/mclseminar.org\/es\/wp-json\/wp\/v2\/pages\/1841","targetHints":{"allow":["GET"]}}],"collection":[{"href":"https:\/\/mclseminar.org\/es\/wp-json\/wp\/v2\/pages"}],"about":[{"href":"https:\/\/mclseminar.org\/es\/wp-json\/wp\/v2\/types\/page"}],"author":[{"embeddable":true,"href":"https:\/\/mclseminar.org\/es\/wp-json\/wp\/v2\/users\/1"}],"replies":[{"embeddable":true,"href":"https:\/\/mclseminar.org\/es\/wp-json\/wp\/v2\/comments?post=1841"}],"version-history":[{"count":5,"href":"https:\/\/mclseminar.org\/es\/wp-json\/wp\/v2\/pages\/1841\/revisions"}],"predecessor-version":[{"id":1970,"href":"https:\/\/mclseminar.org\/es\/wp-json\/wp\/v2\/pages\/1841\/revisions\/1970"}],"wp:attachment":[{"href":"https:\/\/mclseminar.org\/es\/wp-json\/wp\/v2\/media?parent=1841"}],"curies":[{"name":"wp","href":"https:\/\/api.w.org\/{rel}","templated":true}]}}