{"id":1843,"date":"2025-11-17T09:57:15","date_gmt":"2025-11-17T08:57:15","guid":{"rendered":"https:\/\/mclseminar.org\/?page_id=1843"},"modified":"2025-11-19T14:04:51","modified_gmt":"2025-11-19T13:04:51","slug":"aviso-legal","status":"publish","type":"page","link":"https:\/\/mclseminar.org\/es\/aviso-legal\/","title":{"rendered":"Aviso legal"},"content":{"rendered":"\t\t<div data-elementor-type=\"wp-page\" data-elementor-id=\"1843\" class=\"elementor elementor-1843\" data-elementor-post-type=\"page\">\n\t\t\t\t\t\t<section class=\"elementor-section elementor-top-section elementor-element elementor-element-e962bb9 elementor-section-height-min-height elementor-section-items-bottom elementor-section-boxed elementor-section-height-default\" data-id=\"e962bb9\" data-element_type=\"section\" data-e-type=\"section\" data-settings=\"{&quot;background_background&quot;:&quot;classic&quot;}\">\n\t\t\t\t\t\t\t<div class=\"elementor-background-overlay\"><\/div>\n\t\t\t\t\t\t\t<div class=\"elementor-container elementor-column-gap-default\">\n\t\t\t\t\t<div class=\"elementor-column elementor-col-100 elementor-top-column elementor-element elementor-element-4450f5a\" data-id=\"4450f5a\" data-element_type=\"column\" data-e-type=\"column\" data-settings=\"{&quot;background_background&quot;:&quot;classic&quot;}\">\n\t\t\t<div class=\"elementor-widget-wrap elementor-element-populated\">\n\t\t\t\t\t<div class=\"elementor-background-overlay\"><\/div>\n\t\t\t\t\t\t<div class=\"elementor-element elementor-element-e05d6c9 animated-slow elementor-invisible elementor-widget elementor-widget-heading\" data-id=\"e05d6c9\" data-element_type=\"widget\" data-e-type=\"widget\" data-settings=\"{&quot;_animation&quot;:&quot;fadeIn&quot;}\" data-widget_type=\"heading.default\">\n\t\t\t\t<div class=\"elementor-widget-container\">\n\t\t\t\t\t<h1 class=\"elementor-heading-title elementor-size-default\">Aviso Legal y Condiciones Generales de Uso<\/h1>\t\t\t\t<\/div>\n\t\t\t\t<\/div>\n\t\t\t\t\t<\/div>\n\t\t<\/div>\n\t\t\t\t\t<\/div>\n\t\t<\/section>\n\t\t\t\t<section class=\"elementor-section elementor-top-section elementor-element elementor-element-1a746823 elementor-section-height-min-height elementor-section-items-top elementor-section-boxed elementor-section-height-default\" data-id=\"1a746823\" data-element_type=\"section\" data-e-type=\"section\" data-settings=\"{&quot;background_background&quot;:&quot;classic&quot;}\">\n\t\t\t\t\t\t<div class=\"elementor-container elementor-column-gap-default\">\n\t\t\t\t\t<div class=\"elementor-column elementor-col-100 elementor-top-column elementor-element elementor-element-7a21f526\" data-id=\"7a21f526\" data-element_type=\"column\" data-e-type=\"column\">\n\t\t\t<div class=\"elementor-widget-wrap elementor-element-populated\">\n\t\t\t\t\t\t<div class=\"elementor-element elementor-element-2a273ca6 elementor-widget-mobile__width-inherit elementor-widget elementor-widget-text-editor\" data-id=\"2a273ca6\" data-element_type=\"widget\" data-e-type=\"widget\" data-widget_type=\"text-editor.default\">\n\t\t\t\t<div class=\"elementor-widget-container\">\n\t\t\t\t\t\t\t\t\t<h3><strong>INFORMACI\u00d3N GENERAL<\/strong><\/h3>\n<p><span style=\"font-weight: 400;\">En cumplimiento con el deber de informaci\u00f3n dispuesto en la Ley 34\/2002 de Servicios de la Sociedad de la Informaci\u00f3n y el Comercio Electr\u00f3nico (LSSI-CE) de 11 de julio, se facilitan a continuaci\u00f3n los siguientes datos de informaci\u00f3n general de este sitio web:<\/span><\/p>\n<p><b>Identidad: <\/b><span style=\"font-weight: 400;\">HITCHINGS &amp; GONZ\u00c1LEZ CO, S.L.P. con CIF B22611719 en adelante \u201cel Titular\u201d<\/span><\/p>\n<p><b>Direcci\u00f3n postal:<\/b><span style=\"font-weight: 400;\"> Calle Diego de Le\u00f3n 22, 5\u00ba Izquierda; 28006 &#8211; Madrid<\/span><\/p>\n<p><b>Contacto por correo electr\u00f3nico:<\/b> <span style=\"font-weight: 400;\">administracion@hitchings-gonzalez.com<\/span><\/p>\n<p>\u00a0<\/p>\n<h3><strong>T\u00c9RMINOS Y CONDICIONES GENERALES DE USO<\/strong><\/h3>\n<p><b>El objeto de las condiciones: El Sitio Web<\/b><\/p>\n<p><span style=\"font-weight: 400;\">El objeto de las presentes Condiciones Generales de Uso (en adelante, Condiciones) es regular el acceso y la utilizaci\u00f3n del Sitio Web. A los efectos de las presentes Condiciones se entender\u00e1 como Sitio Web: la apariencia externa de los interfaces de pantalla, tanto de forma est\u00e1tica como de forma din\u00e1mica, es decir, el \u00e1rbol de navegaci\u00f3n; y todos los elementos integrados tanto en los interfaces de pantalla como en el \u00e1rbol de navegaci\u00f3n (en adelante, Contenidos) y todos aquellos servicios o recursos en l\u00ednea que en su caso ofrezca a los Usuarios (en adelante, Servicios).<\/span><\/p>\n<p><span style=\"font-weight: 400;\">El Titular se reserva la facultad de modificar, en cualquier momento, y sin aviso previo, la presentaci\u00f3n y configuraci\u00f3n del Sitio Web y de los Contenidos y Servicios que en \u00e9l pudieran estar incorporados. El Usuario reconoce y acepta que en cualquier momento el Titular pueda interrumpir, desactivar y\/o cancelar cualquiera de estos elementos que se integran en el Sitio Web o el acceso a los mismos.<\/span><\/p>\n<p><span style=\"font-weight: 400;\">El acceso al Sitio Web por el Usuario tiene car\u00e1cter libre y, por regla general, es gratuito sin que el Usuario tenga que proporcionar una contraprestaci\u00f3n para poder disfrutar de ello, salvo en lo relativo al coste de conexi\u00f3n a trav\u00e9s de la red de telecomunicaciones suministrada por el proveedor de acceso que hubiere contratado el Usuario.<\/span><\/p>\n<p><span style=\"font-weight: 400;\">La utilizaci\u00f3n de alguno de los Contenidos o Servicios del Sitio Web podr\u00e1 hacerse mediante la suscripci\u00f3n o registro previo del Usuario.<\/span><\/p>\n<p><b>El Usuario<\/b><\/p>\n<p><span style=\"font-weight: 400;\">El acceso, la navegaci\u00f3n y uso del Sitio Web confiere la condici\u00f3n de Usuario, por lo que se aceptan, desde que se inicia la navegaci\u00f3n por el Sitio Web, todas las Condiciones aqu\u00ed establecidas, as\u00ed como sus ulteriores modificaciones, sin perjuicio de la aplicaci\u00f3n de la correspondiente normativa legal de obligado cumplimiento seg\u00fan el caso. Dada la relevancia de lo anterior, se recomienda al Usuario leerlas cada vez que visite el Sitio Web.<\/span><\/p>\n<p><span style=\"font-weight: 400;\">El Sitio Web del Titular proporciona gran diversidad de informaci\u00f3n, servicios y datos. El Usuario asume su responsabilidad para realizar un uso correcto del Sitio Web. Esta responsabilidad se extender\u00e1 a:<\/span><\/p>\n<ul>\n<li style=\"font-weight: 400;\" aria-level=\"1\"><span style=\"font-weight: 400;\">Un uso de la informaci\u00f3n, Contenidos y\/o Servicios y datos ofrecidos por el Titular sin que sea contrario a lo dispuesto por las presentes Condiciones, la Ley, la moral o el orden p\u00fablico, o que de cualquier otro modo puedan suponer lesi\u00f3n de los derechos de terceros o del mismo funcionamiento del Sitio Web.<\/span><\/li>\n<li style=\"font-weight: 400;\" aria-level=\"1\"><span style=\"font-weight: 400;\">La veracidad y licitud de las informaciones aportadas por el Usuario en los formularios extendidos por el Titular para el acceso a ciertos Contenidos o Servicios ofrecidos por el Sitio Web. En todo caso, el Usuario notificar\u00e1 de forma inmediata al Titular acerca de cualquier hecho que permita el uso indebido de la informaci\u00f3n registrada en dichos formularios, tales como, pero no s\u00f3lo, el robo, extrav\u00edo, o el acceso no autorizado a identificadores y\/o contrase\u00f1as, con el fin de proceder a su inmediata cancelaci\u00f3n.<\/span><\/li>\n<\/ul>\n<p><span style=\"font-weight: 400;\">El mero acceso a este Sitio Web no supone entablar ning\u00fan tipo de relaci\u00f3n de car\u00e1cter comercial entre el Titular y el Usuario.<\/span><\/p>\n<p><span style=\"font-weight: 400;\">El Usuario declara ser mayor de edad y disponer de la capacidad jur\u00eddica suficiente para vincularse por las presentes Condiciones. Por lo tanto, este Sitio Web del Titular no se dirige a menores de edad. El Titular declina cualquier responsabilidad por el incumplimiento de este requisito.<\/span><\/p>\n<h3><strong>ACCESO Y NAVEGACI\u00d3N EN EL SITIO WEB: EXCLUSI\u00d3N DE GARANT\u00cdAS Y RESPONSABILIDAD<\/strong><\/h3>\n<p><span style=\"font-weight: 400;\">El Titular no garantiza la continuidad, disponibilidad y utilidad del Sitio Web, ni de los Contenidos o Servicios.<\/span> <span style=\"font-weight: 400;\">El Titular har\u00e1 todo lo posible por el buen funcionamiento del Sitio Web, sin embargo, no se responsabiliza ni garantiza que el acceso a este Sitio Web no vaya a ser ininterrumpido o que est\u00e9 libre de error.<\/span><\/p>\n<p><span style=\"font-weight: 400;\">Tampoco se responsabiliza o garantiza que el contenido o software al que pueda accederse a trav\u00e9s de este Sitio Web est\u00e9 libre de error o cause un da\u00f1o al sistema inform\u00e1tico (software y hardware) del Usuario. En ning\u00fan caso el Titular ser\u00e1 responsable por las p\u00e9rdidas, da\u00f1os o perjuicios de cualquier tipo que surjan por el acceso, navegaci\u00f3n y el uso del Sitio Web, incluy\u00e9ndose, pero no limit\u00e1ndose, a los ocasionados a los sistemas inform\u00e1ticos o los provocados por la introducci\u00f3n de virus.<\/span><\/p>\n<p><span style=\"font-weight: 400;\">El Titular tampoco se hace responsable de los da\u00f1os que pudiesen ocasionarse a los usuarios por un uso inadecuado de este Sitio Web. En particular, no se hace responsable en modo alguno de las ca\u00eddas, interrupciones, falta o defecto de las telecomunicaciones que pudieran ocurrir.<\/span><\/p>\n<h3><strong>POL\u00cdTICA DE ENLACES<\/strong><\/h3>\n<p><span style=\"font-weight: 400;\">Se informa que el Sitio Web del Titular pone o puede poner a disposici\u00f3n de los Usuarios medios de enlace (como, entre otros, links, banners, botones), directorios y motores de b\u00fasqueda que permiten a los Usuarios acceder a sitios web pertenecientes y\/o gestionados por terceros.<\/span><\/p>\n<p><span style=\"font-weight: 400;\">La instalaci\u00f3n de estos enlaces, directorios y motores de b\u00fasqueda en el Sitio Web tiene por objeto facilitar a los Usuarios la b\u00fasqueda de y acceso a la informaci\u00f3n disponible en Internet, sin que pueda considerarse una sugerencia, recomendaci\u00f3n o invitaci\u00f3n para la visita de los mismos.<\/span><\/p>\n<p><span style=\"font-weight: 400;\">El Titular no ofrece ni comercializa por s\u00ed ni por medio de terceros los productos y\/o servicios disponibles en dichos sitios enlazados.<\/span><\/p>\n<p><span style=\"font-weight: 400;\">Asimismo, tampoco garantizar\u00e1 la disponibilidad t\u00e9cnica, exactitud, veracidad, validez o legalidad de sitios ajenos a su propiedad a los que se pueda acceder por medio de los enlaces.<\/span><\/p>\n<p><span style=\"font-weight: 400;\">El Titular en ning\u00fan caso revisar\u00e1 o controlar\u00e1 el contenido de otros sitios web, as\u00ed como tampoco aprueba, examina ni hace propios los productos y servicios, contenidos, archivos y cualquier otro material existente en los referidos sitios enlazados.<\/span><\/p>\n<p><span style=\"font-weight: 400;\">El Titular no asume ninguna responsabilidad por los da\u00f1os y perjuicios que pudieran producirse por el acceso, uso, calidad o licitud de los contenidos, comunicaciones, opiniones, productos y servicios de los sitios web no gestionados por el Titular y que sean enlazados en este Sitio Web.<\/span><\/p>\n<p><span style=\"font-weight: 400;\">El Usuario o tercero que realice un hiperv\u00ednculo desde una p\u00e1gina web de otro, distinto, sitio web al Sitio Web del Titular deber\u00e1 saber que:<\/span><\/p>\n<ul>\n<li style=\"font-weight: 400;\" aria-level=\"1\"><span style=\"font-weight: 400;\">No se permite la reproducci\u00f3n \u2014total o parcialmente\u2014 de ninguno de los Contenidos y\/o Servicios del Sitio Web sin autorizaci\u00f3n expresa del Titular<\/span><\/li>\n<li style=\"font-weight: 400;\" aria-level=\"1\"><span style=\"font-weight: 400;\">No se permite tampoco ninguna manifestaci\u00f3n falsa, inexacta o incorrecta sobre el Sitio Web del Titular, ni sobre los Contenidos y\/o servicios del mismo.<\/span><\/li>\n<\/ul>\n<p><span style=\"font-weight: 400;\">A excepci\u00f3n del hiperv\u00ednculo, el sitio web en el que se establezca dicho hiperenlace no contendr\u00e1 ning\u00fan elemento, de este Sitio Web, protegido como propiedad intelectual por el ordenamiento jur\u00eddico espa\u00f1ol, salvo autorizaci\u00f3n expresa del Titular.<\/span><\/p>\n<p><span style=\"font-weight: 400;\">El establecimiento del hiperv\u00ednculo no implicar\u00e1 la existencia de relaciones entre el Titular y el titular del sitio web desde el cual se realice, ni el conocimiento y aceptaci\u00f3n del Titular de los contenidos, servicios y\/o actividades ofrecidas en dicho sitio web, y viceversa.<\/span><\/p>\n<h3><strong>COMUNICACIONES COMERCIALES POR V\u00cdA ELECTR\u00d3NICA<\/strong><\/h3>\n<p><span style=\"font-weight: 400;\">El Titular no remite comunicaciones comerciales por v\u00eda electr\u00f3nica sin identificarlas como tales conforme a lo dispuesto en la Ley 34\/2002 de Servicios de la Sociedad de la Informaci\u00f3n y de comercio electr\u00f3nico. En caso de remitirle este tipo de comunicaciones se realizar\u00e1 con el consentimiento expreso que nos hubiera otorgado.<\/span><\/p>\n<p><span style=\"font-weight: 400;\">El Usuario puede oponerse al tratamiento de sus datos con fines promocionales mediante el env\u00edo de un correo electr\u00f3nico a la direcci\u00f3n indicada en el punto 1 quedando revocado su consentimiento, en cualquier momento, simplemente notificando su voluntad de revocarlo. No ser\u00e1 considerado como comunicaci\u00f3n comercial la informaci\u00f3n que se env\u00ede cuya finalidad sea la del mantenimiento de la relaci\u00f3n contractual existente entre el Usuario y el Titular; as\u00ed como el desempe\u00f1o de tareas de informaci\u00f3n y otras actividades propias del servicio que el Usuario pudiera contratar con la empresa.<\/span><\/p>\n<p>\u00a0<\/p>\n<h3><strong>PROPIEDAD INTELECTUAL E INDUSTRIAL<\/strong><\/h3>\n<p><span style=\"font-weight: 400;\">El Titular por s\u00ed o como parte cesionaria, es titular de todos los derechos de propiedad intelectual e industrial del Sitio Web, as\u00ed como de los elementos contenidos en el mismo (a t\u00edtulo enunciativo y no exhaustivo, im\u00e1genes, sonido, audio, v\u00eddeo, software o textos, marcas o logotipos, combinaciones de colores, estructura y dise\u00f1o, selecci\u00f3n de materiales usados, programas de ordenador necesarios para su funcionamiento, acceso y uso, etc.). Ser\u00e1n, por consiguiente, obras protegidas como propiedad intelectual por el ordenamiento jur\u00eddico espa\u00f1ol, si\u00e9ndoles aplicables tanto la normativa espa\u00f1ola y comunitaria en este campo, como los tratados internacionales relativos a la materia y suscritos por Espa\u00f1a.<\/span><\/p>\n<p><span style=\"font-weight: 400;\">Todos los derechos reservados. En virtud de lo dispuesto en la Ley de Propiedad Intelectual, quedan expresamente prohibidas la reproducci\u00f3n, la distribuci\u00f3n y la comunicaci\u00f3n p\u00fablica, incluida su modalidad de puesta a disposici\u00f3n, de la totalidad o parte de los contenidos de esta p\u00e1gina web, con fines comerciales, en cualquier soporte y por cualquier medio t\u00e9cnico, sin la autorizaci\u00f3n del Titular<\/span><\/p>\n<p><span style=\"font-weight: 400;\">El Usuario se compromete a respetar los derechos de propiedad intelectual e industrial del Titular. Podr\u00e1 visualizar los elementos del Sitio Web o incluso imprimirlos, copiarlos y almacenarlos en el disco duro de su ordenador o en cualquier otro soporte f\u00edsico siempre y cuando sea, exclusivamente, para su uso personal. El Usuario, sin embargo, no podr\u00e1 suprimir, alterar, o manipular cualquier dispositivo de protecci\u00f3n o sistema de seguridad que estuviera instalado en el Sitio Web.<\/span><\/p>\n<p><span style=\"font-weight: 400;\">En caso de que el Usuario o tercero considere que cualquiera de los Contenidos del Sitio Web suponga una violaci\u00f3n de los derechos de protecci\u00f3n de la propiedad intelectual, deber\u00e1 comunicarlo inmediatamente al Titular a trav\u00e9s de los datos de contacto del apartado INFORMACI\u00d3N GENERAL de este Aviso Legal y Condiciones Generales de Uso.<\/span><\/p>\n<h3><strong>ACCIONES LEGALES, LEGISLACI\u00d3N APLICABLE Y JURISDICCI\u00d3N<\/strong><\/h3>\n<p><span style=\"font-weight: 400;\">El Titular se reserva la facultad de presentar las acciones civiles o penales que considere necesarias por la utilizaci\u00f3n indebida del Sitio Web y Contenidos, o por el incumplimiento de las presentes Condiciones.<\/span><\/p>\n<p><span style=\"font-weight: 400;\">La relaci\u00f3n entre el Usuario y el Titular se regir\u00e1 por la normativa vigente y de aplicaci\u00f3n en el territorio espa\u00f1ol. De surgir cualquier controversia en relaci\u00f3n con la interpretaci\u00f3n y\/o a la aplicaci\u00f3n de estas Condiciones las partes someter\u00e1n sus conflictos a la jurisdicci\u00f3n ordinaria someti\u00e9ndose a los Juzgados y Tribunales competentes.<\/span><\/p>\t\t\t\t\t\t\t\t<\/div>\n\t\t\t\t<\/div>\n\t\t\t\t\t<\/div>\n\t\t<\/div>\n\t\t\t\t\t<\/div>\n\t\t<\/section>\n\t\t\t\t<\/div>\n\t\t","protected":false},"excerpt":{"rendered":"<p>Aviso Legal y Condiciones Generales de Uso INFORMACI\u00d3N GENERAL En cumplimiento con el deber de informaci\u00f3n dispuesto en la Ley 34\/2002 de Servicios de la Sociedad de la Informaci\u00f3n y el Comercio Electr\u00f3nico (LSSI-CE) de 11 de julio, se facilitan a continuaci\u00f3n los siguientes datos de informaci\u00f3n general de este sitio web: Identidad: HITCHINGS &amp; &#8230; <a title=\"Aviso legal\" class=\"read-more\" href=\"https:\/\/mclseminar.org\/es\/aviso-legal\/\" aria-label=\"Leer m\u00e1s sobre Aviso legal\">Leer m\u00e1s<\/a><\/p>\n","protected":false},"author":1,"featured_media":0,"parent":0,"menu_order":0,"comment_status":"closed","ping_status":"closed","template":"elementor_header_footer","meta":{"footnotes":""},"class_list":["post-1843","page","type-page","status-publish"],"yoast_head":"<!-- This site is optimized with the Yoast SEO plugin v27.3 - https:\/\/yoast.com\/product\/yoast-seo-wordpress\/ -->\n<title>Aviso legal &#183; MCLS<\/title>\n<meta name=\"robots\" content=\"noindex, follow\" \/>\n<meta property=\"og:locale\" content=\"es_ES\" \/>\n<meta property=\"og:type\" content=\"article\" \/>\n<meta property=\"og:title\" content=\"Aviso legal &#183; MCLS\" \/>\n<meta property=\"og:description\" content=\"Aviso Legal y Condiciones Generales de Uso INFORMACI\u00d3N GENERAL En cumplimiento con el deber de informaci\u00f3n dispuesto en la Ley 34\/2002 de Servicios de la Sociedad de la Informaci\u00f3n y el Comercio Electr\u00f3nico (LSSI-CE) de 11 de julio, se facilitan a continuaci\u00f3n los siguientes datos de informaci\u00f3n general de este sitio web: Identidad: HITCHINGS &amp; ... Leer m\u00e1s\" \/>\n<meta property=\"og:url\" content=\"https:\/\/mclseminar.org\/es\/aviso-legal\/\" \/>\n<meta property=\"og:site_name\" content=\"MCLS\" \/>\n<meta property=\"article:modified_time\" content=\"2025-11-19T13:04:51+00:00\" \/>\n<meta property=\"og:image\" content=\"https:\/\/mclseminar.org\/wp-content\/uploads\/MCLS_LOGO.webp\" \/>\n\t<meta property=\"og:image:width\" content=\"1214\" \/>\n\t<meta property=\"og:image:height\" content=\"530\" \/>\n\t<meta property=\"og:image:type\" content=\"image\/webp\" \/>\n<meta name=\"twitter:card\" content=\"summary_large_image\" \/>\n<meta name=\"twitter:label1\" content=\"Tiempo de lectura\" \/>\n\t<meta name=\"twitter:data1\" content=\"9 minutos\" \/>\n<script type=\"application\/ld+json\" class=\"yoast-schema-graph\">{\"@context\":\"https:\\\/\\\/schema.org\",\"@graph\":[{\"@type\":\"WebPage\",\"@id\":\"https:\\\/\\\/mclseminar.org\\\/es\\\/aviso-legal\\\/\",\"url\":\"https:\\\/\\\/mclseminar.org\\\/es\\\/aviso-legal\\\/\",\"name\":\"Aviso legal &#183; MCLS\",\"isPartOf\":{\"@id\":\"https:\\\/\\\/mclseminar.org\\\/es\\\/#website\"},\"datePublished\":\"2025-11-17T08:57:15+00:00\",\"dateModified\":\"2025-11-19T13:04:51+00:00\",\"breadcrumb\":{\"@id\":\"https:\\\/\\\/mclseminar.org\\\/es\\\/aviso-legal\\\/#breadcrumb\"},\"inLanguage\":\"es\",\"potentialAction\":[{\"@type\":\"ReadAction\",\"target\":[\"https:\\\/\\\/mclseminar.org\\\/es\\\/aviso-legal\\\/\"]}]},{\"@type\":\"BreadcrumbList\",\"@id\":\"https:\\\/\\\/mclseminar.org\\\/es\\\/aviso-legal\\\/#breadcrumb\",\"itemListElement\":[{\"@type\":\"ListItem\",\"position\":1,\"name\":\"Portada\",\"item\":\"https:\\\/\\\/mclseminar.org\\\/es\\\/\"},{\"@type\":\"ListItem\",\"position\":2,\"name\":\"Aviso legal\"}]},{\"@type\":\"WebSite\",\"@id\":\"https:\\\/\\\/mclseminar.org\\\/es\\\/#website\",\"url\":\"https:\\\/\\\/mclseminar.org\\\/es\\\/\",\"name\":\"Madrid Competition Litigation Seminar\",\"description\":\"Madrid Competition Litigation Seminar\",\"publisher\":{\"@id\":\"https:\\\/\\\/mclseminar.org\\\/es\\\/#organization\"},\"alternateName\":\"MCLS\",\"potentialAction\":[{\"@type\":\"SearchAction\",\"target\":{\"@type\":\"EntryPoint\",\"urlTemplate\":\"https:\\\/\\\/mclseminar.org\\\/es\\\/?s={search_term_string}\"},\"query-input\":{\"@type\":\"PropertyValueSpecification\",\"valueRequired\":true,\"valueName\":\"search_term_string\"}}],\"inLanguage\":\"es\"},{\"@type\":\"Organization\",\"@id\":\"https:\\\/\\\/mclseminar.org\\\/es\\\/#organization\",\"name\":\"Madrid Competition Litigation Seminar\",\"alternateName\":\"MCLS\",\"url\":\"https:\\\/\\\/mclseminar.org\\\/es\\\/\",\"logo\":{\"@type\":\"ImageObject\",\"inLanguage\":\"es\",\"@id\":\"https:\\\/\\\/mclseminar.org\\\/es\\\/#\\\/schema\\\/logo\\\/image\\\/\",\"url\":\"https:\\\/\\\/mclseminar.org\\\/wp-content\\\/uploads\\\/cropped-MCLS_siglas.webp\",\"contentUrl\":\"https:\\\/\\\/mclseminar.org\\\/wp-content\\\/uploads\\\/cropped-MCLS_siglas.webp\",\"width\":512,\"height\":512,\"caption\":\"Madrid Competition Litigation Seminar\"},\"image\":{\"@id\":\"https:\\\/\\\/mclseminar.org\\\/es\\\/#\\\/schema\\\/logo\\\/image\\\/\"}}]}<\/script>\n<!-- \/ Yoast SEO plugin. -->","yoast_head_json":{"title":"Aviso legal &#183; MCLS","robots":{"index":"noindex","follow":"follow"},"og_locale":"es_ES","og_type":"article","og_title":"Aviso legal &#183; MCLS","og_description":"Aviso Legal y Condiciones Generales de Uso INFORMACI\u00d3N GENERAL En cumplimiento con el deber de informaci\u00f3n dispuesto en la Ley 34\/2002 de Servicios de la Sociedad de la Informaci\u00f3n y el Comercio Electr\u00f3nico (LSSI-CE) de 11 de julio, se facilitan a continuaci\u00f3n los siguientes datos de informaci\u00f3n general de este sitio web: Identidad: HITCHINGS &amp; ... Leer m\u00e1s","og_url":"https:\/\/mclseminar.org\/es\/aviso-legal\/","og_site_name":"MCLS","article_modified_time":"2025-11-19T13:04:51+00:00","og_image":[{"width":1214,"height":530,"url":"https:\/\/mclseminar.org\/wp-content\/uploads\/MCLS_LOGO.webp","type":"image\/webp"}],"twitter_card":"summary_large_image","twitter_misc":{"Tiempo de lectura":"9 minutos"},"schema":{"@context":"https:\/\/schema.org","@graph":[{"@type":"WebPage","@id":"https:\/\/mclseminar.org\/es\/aviso-legal\/","url":"https:\/\/mclseminar.org\/es\/aviso-legal\/","name":"Aviso legal &#183; MCLS","isPartOf":{"@id":"https:\/\/mclseminar.org\/es\/#website"},"datePublished":"2025-11-17T08:57:15+00:00","dateModified":"2025-11-19T13:04:51+00:00","breadcrumb":{"@id":"https:\/\/mclseminar.org\/es\/aviso-legal\/#breadcrumb"},"inLanguage":"es","potentialAction":[{"@type":"ReadAction","target":["https:\/\/mclseminar.org\/es\/aviso-legal\/"]}]},{"@type":"BreadcrumbList","@id":"https:\/\/mclseminar.org\/es\/aviso-legal\/#breadcrumb","itemListElement":[{"@type":"ListItem","position":1,"name":"Portada","item":"https:\/\/mclseminar.org\/es\/"},{"@type":"ListItem","position":2,"name":"Aviso legal"}]},{"@type":"WebSite","@id":"https:\/\/mclseminar.org\/es\/#website","url":"https:\/\/mclseminar.org\/es\/","name":"Madrid Competition Litigation Seminar","description":"Madrid Competition Litigation Seminar","publisher":{"@id":"https:\/\/mclseminar.org\/es\/#organization"},"alternateName":"MCLS","potentialAction":[{"@type":"SearchAction","target":{"@type":"EntryPoint","urlTemplate":"https:\/\/mclseminar.org\/es\/?s={search_term_string}"},"query-input":{"@type":"PropertyValueSpecification","valueRequired":true,"valueName":"search_term_string"}}],"inLanguage":"es"},{"@type":"Organization","@id":"https:\/\/mclseminar.org\/es\/#organization","name":"Madrid Competition Litigation Seminar","alternateName":"MCLS","url":"https:\/\/mclseminar.org\/es\/","logo":{"@type":"ImageObject","inLanguage":"es","@id":"https:\/\/mclseminar.org\/es\/#\/schema\/logo\/image\/","url":"https:\/\/mclseminar.org\/wp-content\/uploads\/cropped-MCLS_siglas.webp","contentUrl":"https:\/\/mclseminar.org\/wp-content\/uploads\/cropped-MCLS_siglas.webp","width":512,"height":512,"caption":"Madrid Competition Litigation Seminar"},"image":{"@id":"https:\/\/mclseminar.org\/es\/#\/schema\/logo\/image\/"}}]}},"_links":{"self":[{"href":"https:\/\/mclseminar.org\/es\/wp-json\/wp\/v2\/pages\/1843","targetHints":{"allow":["GET"]}}],"collection":[{"href":"https:\/\/mclseminar.org\/es\/wp-json\/wp\/v2\/pages"}],"about":[{"href":"https:\/\/mclseminar.org\/es\/wp-json\/wp\/v2\/types\/page"}],"author":[{"embeddable":true,"href":"https:\/\/mclseminar.org\/es\/wp-json\/wp\/v2\/users\/1"}],"replies":[{"embeddable":true,"href":"https:\/\/mclseminar.org\/es\/wp-json\/wp\/v2\/comments?post=1843"}],"version-history":[{"count":4,"href":"https:\/\/mclseminar.org\/es\/wp-json\/wp\/v2\/pages\/1843\/revisions"}],"predecessor-version":[{"id":1973,"href":"https:\/\/mclseminar.org\/es\/wp-json\/wp\/v2\/pages\/1843\/revisions\/1973"}],"wp:attachment":[{"href":"https:\/\/mclseminar.org\/es\/wp-json\/wp\/v2\/media?parent=1843"}],"curies":[{"name":"wp","href":"https:\/\/api.w.org\/{rel}","templated":true}]}}