{"id":3,"date":"2021-03-29T15:55:48","date_gmt":"2021-03-29T15:55:48","guid":{"rendered":"https:\/\/mclseminar.org\/?page_id=3"},"modified":"2025-11-26T10:36:44","modified_gmt":"2025-11-26T09:36:44","slug":"politica-privacidad","status":"publish","type":"page","link":"https:\/\/mclseminar.org\/es\/politica-privacidad\/","title":{"rendered":"Pol\u00edtica de privacidad"},"content":{"rendered":"\t\t<div data-elementor-type=\"wp-page\" data-elementor-id=\"3\" class=\"elementor elementor-3\" data-elementor-post-type=\"page\">\n\t\t\t\t\t\t<section class=\"elementor-section elementor-top-section elementor-element elementor-element-e962bb9 elementor-section-height-min-height elementor-section-items-bottom elementor-section-boxed elementor-section-height-default\" data-id=\"e962bb9\" data-element_type=\"section\" data-e-type=\"section\" data-settings=\"{&quot;background_background&quot;:&quot;classic&quot;}\">\n\t\t\t\t\t\t\t<div class=\"elementor-background-overlay\"><\/div>\n\t\t\t\t\t\t\t<div class=\"elementor-container elementor-column-gap-default\">\n\t\t\t\t\t<div class=\"elementor-column elementor-col-100 elementor-top-column elementor-element elementor-element-4450f5a\" data-id=\"4450f5a\" data-element_type=\"column\" data-e-type=\"column\" data-settings=\"{&quot;background_background&quot;:&quot;classic&quot;}\">\n\t\t\t<div class=\"elementor-widget-wrap elementor-element-populated\">\n\t\t\t\t\t<div class=\"elementor-background-overlay\"><\/div>\n\t\t\t\t\t\t<div class=\"elementor-element elementor-element-e05d6c9 animated-slow elementor-invisible elementor-widget elementor-widget-heading\" data-id=\"e05d6c9\" data-element_type=\"widget\" data-e-type=\"widget\" data-settings=\"{&quot;_animation&quot;:&quot;fadeIn&quot;}\" data-widget_type=\"heading.default\">\n\t\t\t\t<div class=\"elementor-widget-container\">\n\t\t\t\t\t<h1 class=\"elementor-heading-title elementor-size-default\">Pol\u00edtica de privacidad<\/h1>\t\t\t\t<\/div>\n\t\t\t\t<\/div>\n\t\t\t\t\t<\/div>\n\t\t<\/div>\n\t\t\t\t\t<\/div>\n\t\t<\/section>\n\t\t\t\t<section class=\"elementor-section elementor-top-section elementor-element elementor-element-1a746823 elementor-section-height-min-height elementor-section-items-top elementor-section-boxed elementor-section-height-default\" data-id=\"1a746823\" data-element_type=\"section\" data-e-type=\"section\" data-settings=\"{&quot;background_background&quot;:&quot;classic&quot;}\">\n\t\t\t\t\t\t<div class=\"elementor-container elementor-column-gap-default\">\n\t\t\t\t\t<div class=\"elementor-column elementor-col-100 elementor-top-column elementor-element elementor-element-7a21f526\" data-id=\"7a21f526\" data-element_type=\"column\" data-e-type=\"column\">\n\t\t\t<div class=\"elementor-widget-wrap elementor-element-populated\">\n\t\t\t\t\t\t<div class=\"elementor-element elementor-element-2a273ca6 elementor-widget-mobile__width-inherit elementor-widget elementor-widget-text-editor\" data-id=\"2a273ca6\" data-element_type=\"widget\" data-e-type=\"widget\" data-widget_type=\"text-editor.default\">\n\t\t\t\t<div class=\"elementor-widget-container\">\n\t\t\t\t\t\t\t\t\t<p align=\"left\">1.<b> \u00bfQui\u00e9n es el responsable del tratamiento de sus datos?<\/b><br>Identidad: HITCHINGS LEGAL SERVICES, S.L.P.<br>CIF: B02901775<br>Dir. Postal: Calle Suiza 136, 28022 &#8211; Madrid<br>Tel\u00e9fono: (+34) 628 867 939<br>Correo electr\u00f3nico: admin@hitchingsco.com<\/p>\n<p><b>2. \u00bfCon qu\u00e9 finalidad tratamos sus datos personales?<\/b><br>Finalidad 1: Mantener nuestra agenda de contactos,<br>a) Como persona de contacto para mantener relaciones con la entidad jur\u00eddica u organizaci\u00f3n en la que usted presta sus servicios.<br>b) Como interesado que se ha puesto en contacto con nosotros consult\u00e1ndonos o solicit\u00e1ndonos alguna informaci\u00f3n, para poder atenderle.<br>c) Como persona de contacto para mantener relaciones directamente.<br>Finalidad 2: El env\u00edo de comunicaciones comerciales, incluido por correo electr\u00f3nico y otros medios de comunicaci\u00f3n electr\u00f3nica equivalentes, sobre nuestros productos y servicios, as\u00ed como informaci\u00f3n sobre eventos y acontecimientos, en el caso de que se le hubiera solicitado su autorizaci\u00f3n y nos la hubiera concedido. En el caso de que no facilite sus datos personales, no podremos cumplir con las funcionalidades descritas anteriormente.<br>No se van a tomar decisiones automatizadas en base a los datos proporcionados.<\/p>\n<p>3<b>. \u00bfPor cu\u00e1nto tiempo conservaremos sus datos?<\/b><br>Los datos personales proporcionados se conservar\u00e1n en la finalidad 1:<br>a) En caso de tratarse de una persona de contacto para mantener relaciones con la entidad jur\u00eddica u organizaci\u00f3n en la que usted presta sus servicios, se conservar\u00e1n mientras se mantenga nuestra relaci\u00f3n con dicha entidad jur\u00eddica u organizaci\u00f3n, y a salvo los plazos legales por las responsabilidades legales que pudieran derivarse de la relaci\u00f3n con la entidad jur\u00eddica u organizaci\u00f3n.<br>b) En caso de interesado puesto en contacto con nosotros, hasta 6 meses despu\u00e9s de atender su requerimiento, por si se produjeran por su parte comunicaciones posteriores en referencia a dicha consulta o requerimiento de informaci\u00f3n.<br>c) En caso de persona de contacto para mantener relaciones directamente, se conservar\u00e1n en tanto se mantenga la relaci\u00f3n y a salvo los plazos legales de conservaci\u00f3n.<br>En la finalidad 2 de env\u00edo de comunicaciones comerciales, conservaremos sus datos en tanto no nos manifieste su oposici\u00f3n a continuar recibiendo nuestras comunicaciones.<\/p>\n<p>4<b>. \u00bfCu\u00e1l es la legitimaci\u00f3n para el tratamiento de sus datos?<\/b><br>La base legal para el tratamiento de sus datos en la finalidad 1 de mantenimiento de agenda de contactos es:<br>a) En caso de tratarse de una persona de contacto para mantener relaciones con la entidad jur\u00eddica u organizaci\u00f3n en la que usted presta sus servicios, es la satisfacci\u00f3n del inter\u00e9s leg\u00edtimo del responsable, de acuerdo a lo establecido en el art. 6.1.f del RGPD.<br>b) En caso de interesado puesto en contacto con nosotros, la base legal es la obtenci\u00f3n de su consentimiento.<br>c) En caso de persona de contacto para mantener relaciones directamente, es la satisfacci\u00f3n del inter\u00e9s leg\u00edtimo del responsable, de acuerdo con lo establecido en el art. 6.1.f del RGPD.<br>En la finalidad 2 de env\u00edo de comunicaciones comerciales, la base legal para el tratamiento de sus datos es la obtenci\u00f3n de su consentimiento.<\/p>\n<p><b>5. \u00bfA qu\u00e9 destinatarios se comunicar\u00e1n sus datos?<\/b><br>Durante el periodo de duraci\u00f3n del tratamiento, HITCHINGS LEGAL SERVICES, S.L.P. no comunicar\u00e1 sus datos a terceros.<br>En HITCHINGS LEGAL SERVICES, S.L.P. contaremos con la colaboraci\u00f3n de terceros prestadores de servicios que en cada caso hayamos podido contratar y que, para la prestaci\u00f3n de dicho servicio, puede ser necesario que tengan acceso a sus datos de car\u00e1cter personal, pero que los tratar\u00e1n con todas las garant\u00edas legales exigibles, siguiendo nuestras instrucciones y previa suscripci\u00f3n de un contrato de protecci\u00f3n de datos en las que exigimos, entre otras, tratar los datos exclusivamente para las finalidades pactadas, aplicar medidas t\u00e9cnicas y organizativas adecuadas, as\u00ed como suprimir y devolver los datos a la finalizaci\u00f3n del servicio.<br>En HITCHINGS LEGAL SERVICES, S.L.P. seguimos unos criterios estrictos de selecci\u00f3n de terceros prestadores de servicios con el fin de dar cumplimiento a nuestras obligaciones en materia de protecci\u00f3n de datos.<\/p>\n<p>6<b>. Transferencias de datos a terceros pa\u00edses<\/b><br>No est\u00e1n previstas transferencias de datos a terceros pa\u00edses.<\/p>\n<p>7<b>. \u00bfCu\u00e1les son sus derechos cuando nos facilita sus datos?<\/b><br>Cualquier persona tiene derecho a obtener confirmaci\u00f3n sobre si en HITCHINGS LEGAL SERVICES, S.L.P. estamos tratando, o no, datos personales que les conciernan.<br>Asimismo, tiene:<br>\u00b7 Derecho a solicitar el acceso a sus datos personales.<br>\u00b7 Derecho a solicitar su rectificaci\u00f3n.<br>\u00b7 Derecho a solicitar su supresi\u00f3n.<br>\u00b7 Derecho a solicitar la limitaci\u00f3n de su tratamiento.<br>\u00b7 Derecho a oponerse al tratamiento.<br>\u00b7 Derecho a la portabilidad de los datos.<br>\u00b7 Derecho a retirar el consentimiento prestado.<br>\u00b7 Derecho de informaci\u00f3n.<br>\u00b7 Derecho a oponerse a ser objeto de decisiones individuales automatizadas<\/p>\n<p>Para ejercer sus derechos, dirija un escrito adjuntando copia de su DNI a:<\/p>\n<p>HITCHINGS LEGAL SERVICES, S.L.P.<br>Ejercicio derechos protecci\u00f3n de datos<br>Calle Suiza 136 28022 &#8211; Madrid<\/p>\n<p>o bien remita un email a: <a href=\"mailto:admin@hitchingsco.com\">admin@hitchingsco.com<\/a><br>Asimismo, le informamos que puede dirigirse a la Agencia Espa\u00f1ola de Protecci\u00f3n de Datos (<a href=\"http:\/\/www.aepd.es\/\">www.aepd.es<\/a>) para obtener informaci\u00f3n adicional o para presentar una reclamaci\u00f3n, por ejemplo, si no has obtenido satisfacci\u00f3n en el ejercicio de tus derechos.<\/p>\t\t\t\t\t\t\t\t<\/div>\n\t\t\t\t<\/div>\n\t\t\t\t\t<\/div>\n\t\t<\/div>\n\t\t\t\t\t<\/div>\n\t\t<\/section>\n\t\t\t\t<\/div>\n\t\t","protected":false},"excerpt":{"rendered":"<p>1. \u00bfQui\u00e9n es el responsable del tratamiento de sus datos?Identidad: HITCHINGS LEGAL SERVICES, S.L.P.CIF: B02901775Dir. Postal: Calle Suiza 136, 28022 &#8211; MadridTel\u00e9fono: (+34) 628 867 939Correo electr\u00f3nico: admin@hitchingsco.com 2. \u00bfCon qu\u00e9 finalidad tratamos sus datos personales?Finalidad 1: Mantener nuestra agenda de contactos,a) Como persona de contacto para mantener relaciones con la entidad jur\u00eddica u organizaci\u00f3n &#8230; <a title=\"Pol\u00edtica de privacidad\" class=\"read-more\" href=\"https:\/\/mclseminar.org\/es\/politica-privacidad\/\" aria-label=\"Leer m\u00e1s sobre Pol\u00edtica de privacidad\">Leer m\u00e1s<\/a><\/p>\n","protected":false},"author":1,"featured_media":0,"parent":0,"menu_order":0,"comment_status":"closed","ping_status":"closed","template":"elementor_header_footer","meta":{"footnotes":""},"class_list":["post-3","page","type-page","status-publish"],"yoast_head":"<!-- This site is optimized with the Yoast SEO plugin v27.3 - https:\/\/yoast.com\/product\/yoast-seo-wordpress\/ -->\n<title>Pol\u00edtica de privacidad &#183; MCLS<\/title>\n<meta name=\"robots\" content=\"noindex, follow\" \/>\n<meta property=\"og:locale\" content=\"es_ES\" \/>\n<meta property=\"og:type\" content=\"article\" \/>\n<meta property=\"og:title\" content=\"Pol\u00edtica de privacidad &#183; MCLS\" \/>\n<meta property=\"og:description\" content=\"1. \u00bfQui\u00e9n es el responsable del tratamiento de sus datos?Identidad: HITCHINGS LEGAL SERVICES, S.L.P.CIF: B02901775Dir. Postal: Calle Suiza 136, 28022 &#8211; MadridTel\u00e9fono: (+34) 628 867 939Correo electr\u00f3nico: admin@hitchingsco.com 2. \u00bfCon qu\u00e9 finalidad tratamos sus datos personales?Finalidad 1: Mantener nuestra agenda de contactos,a) Como persona de contacto para mantener relaciones con la entidad jur\u00eddica u organizaci\u00f3n ... Leer m\u00e1s\" \/>\n<meta property=\"og:url\" content=\"https:\/\/mclseminar.org\/es\/politica-privacidad\/\" \/>\n<meta property=\"og:site_name\" content=\"MCLS\" \/>\n<meta property=\"article:modified_time\" content=\"2025-11-26T09:36:44+00:00\" \/>\n<meta property=\"og:image\" content=\"https:\/\/mclseminar.org\/wp-content\/uploads\/MCLS_LOGO.webp\" \/>\n\t<meta property=\"og:image:width\" content=\"1214\" \/>\n\t<meta property=\"og:image:height\" content=\"530\" \/>\n\t<meta property=\"og:image:type\" content=\"image\/webp\" \/>\n<meta name=\"twitter:card\" content=\"summary_large_image\" \/>\n<meta name=\"twitter:label1\" content=\"Tiempo de lectura\" \/>\n\t<meta name=\"twitter:data1\" content=\"4 minutos\" \/>\n<script type=\"application\/ld+json\" class=\"yoast-schema-graph\">{\"@context\":\"https:\\\/\\\/schema.org\",\"@graph\":[{\"@type\":\"WebPage\",\"@id\":\"https:\\\/\\\/mclseminar.org\\\/es\\\/politica-privacidad\\\/\",\"url\":\"https:\\\/\\\/mclseminar.org\\\/es\\\/politica-privacidad\\\/\",\"name\":\"Pol\u00edtica de privacidad &#183; MCLS\",\"isPartOf\":{\"@id\":\"https:\\\/\\\/mclseminar.org\\\/es\\\/#website\"},\"datePublished\":\"2021-03-29T15:55:48+00:00\",\"dateModified\":\"2025-11-26T09:36:44+00:00\",\"breadcrumb\":{\"@id\":\"https:\\\/\\\/mclseminar.org\\\/es\\\/politica-privacidad\\\/#breadcrumb\"},\"inLanguage\":\"es\",\"potentialAction\":[{\"@type\":\"ReadAction\",\"target\":[\"https:\\\/\\\/mclseminar.org\\\/es\\\/politica-privacidad\\\/\"]}]},{\"@type\":\"BreadcrumbList\",\"@id\":\"https:\\\/\\\/mclseminar.org\\\/es\\\/politica-privacidad\\\/#breadcrumb\",\"itemListElement\":[{\"@type\":\"ListItem\",\"position\":1,\"name\":\"Portada\",\"item\":\"https:\\\/\\\/mclseminar.org\\\/es\\\/\"},{\"@type\":\"ListItem\",\"position\":2,\"name\":\"Pol\u00edtica de privacidad\"}]},{\"@type\":\"WebSite\",\"@id\":\"https:\\\/\\\/mclseminar.org\\\/es\\\/#website\",\"url\":\"https:\\\/\\\/mclseminar.org\\\/es\\\/\",\"name\":\"Madrid Competition Litigation Seminar\",\"description\":\"Madrid Competition Litigation Seminar\",\"publisher\":{\"@id\":\"https:\\\/\\\/mclseminar.org\\\/es\\\/#organization\"},\"alternateName\":\"MCLS\",\"potentialAction\":[{\"@type\":\"SearchAction\",\"target\":{\"@type\":\"EntryPoint\",\"urlTemplate\":\"https:\\\/\\\/mclseminar.org\\\/es\\\/?s={search_term_string}\"},\"query-input\":{\"@type\":\"PropertyValueSpecification\",\"valueRequired\":true,\"valueName\":\"search_term_string\"}}],\"inLanguage\":\"es\"},{\"@type\":\"Organization\",\"@id\":\"https:\\\/\\\/mclseminar.org\\\/es\\\/#organization\",\"name\":\"Madrid Competition Litigation Seminar\",\"alternateName\":\"MCLS\",\"url\":\"https:\\\/\\\/mclseminar.org\\\/es\\\/\",\"logo\":{\"@type\":\"ImageObject\",\"inLanguage\":\"es\",\"@id\":\"https:\\\/\\\/mclseminar.org\\\/es\\\/#\\\/schema\\\/logo\\\/image\\\/\",\"url\":\"https:\\\/\\\/mclseminar.org\\\/wp-content\\\/uploads\\\/cropped-MCLS_siglas.webp\",\"contentUrl\":\"https:\\\/\\\/mclseminar.org\\\/wp-content\\\/uploads\\\/cropped-MCLS_siglas.webp\",\"width\":512,\"height\":512,\"caption\":\"Madrid Competition Litigation Seminar\"},\"image\":{\"@id\":\"https:\\\/\\\/mclseminar.org\\\/es\\\/#\\\/schema\\\/logo\\\/image\\\/\"}}]}<\/script>\n<!-- \/ Yoast SEO plugin. -->","yoast_head_json":{"title":"Pol\u00edtica de privacidad &#183; MCLS","robots":{"index":"noindex","follow":"follow"},"og_locale":"es_ES","og_type":"article","og_title":"Pol\u00edtica de privacidad &#183; MCLS","og_description":"1. \u00bfQui\u00e9n es el responsable del tratamiento de sus datos?Identidad: HITCHINGS LEGAL SERVICES, S.L.P.CIF: B02901775Dir. Postal: Calle Suiza 136, 28022 &#8211; MadridTel\u00e9fono: (+34) 628 867 939Correo electr\u00f3nico: admin@hitchingsco.com 2. \u00bfCon qu\u00e9 finalidad tratamos sus datos personales?Finalidad 1: Mantener nuestra agenda de contactos,a) Como persona de contacto para mantener relaciones con la entidad jur\u00eddica u organizaci\u00f3n ... Leer m\u00e1s","og_url":"https:\/\/mclseminar.org\/es\/politica-privacidad\/","og_site_name":"MCLS","article_modified_time":"2025-11-26T09:36:44+00:00","og_image":[{"width":1214,"height":530,"url":"https:\/\/mclseminar.org\/wp-content\/uploads\/MCLS_LOGO.webp","type":"image\/webp"}],"twitter_card":"summary_large_image","twitter_misc":{"Tiempo de lectura":"4 minutos"},"schema":{"@context":"https:\/\/schema.org","@graph":[{"@type":"WebPage","@id":"https:\/\/mclseminar.org\/es\/politica-privacidad\/","url":"https:\/\/mclseminar.org\/es\/politica-privacidad\/","name":"Pol\u00edtica de privacidad &#183; MCLS","isPartOf":{"@id":"https:\/\/mclseminar.org\/es\/#website"},"datePublished":"2021-03-29T15:55:48+00:00","dateModified":"2025-11-26T09:36:44+00:00","breadcrumb":{"@id":"https:\/\/mclseminar.org\/es\/politica-privacidad\/#breadcrumb"},"inLanguage":"es","potentialAction":[{"@type":"ReadAction","target":["https:\/\/mclseminar.org\/es\/politica-privacidad\/"]}]},{"@type":"BreadcrumbList","@id":"https:\/\/mclseminar.org\/es\/politica-privacidad\/#breadcrumb","itemListElement":[{"@type":"ListItem","position":1,"name":"Portada","item":"https:\/\/mclseminar.org\/es\/"},{"@type":"ListItem","position":2,"name":"Pol\u00edtica de privacidad"}]},{"@type":"WebSite","@id":"https:\/\/mclseminar.org\/es\/#website","url":"https:\/\/mclseminar.org\/es\/","name":"Madrid Competition Litigation Seminar","description":"Madrid Competition Litigation Seminar","publisher":{"@id":"https:\/\/mclseminar.org\/es\/#organization"},"alternateName":"MCLS","potentialAction":[{"@type":"SearchAction","target":{"@type":"EntryPoint","urlTemplate":"https:\/\/mclseminar.org\/es\/?s={search_term_string}"},"query-input":{"@type":"PropertyValueSpecification","valueRequired":true,"valueName":"search_term_string"}}],"inLanguage":"es"},{"@type":"Organization","@id":"https:\/\/mclseminar.org\/es\/#organization","name":"Madrid Competition Litigation Seminar","alternateName":"MCLS","url":"https:\/\/mclseminar.org\/es\/","logo":{"@type":"ImageObject","inLanguage":"es","@id":"https:\/\/mclseminar.org\/es\/#\/schema\/logo\/image\/","url":"https:\/\/mclseminar.org\/wp-content\/uploads\/cropped-MCLS_siglas.webp","contentUrl":"https:\/\/mclseminar.org\/wp-content\/uploads\/cropped-MCLS_siglas.webp","width":512,"height":512,"caption":"Madrid Competition Litigation Seminar"},"image":{"@id":"https:\/\/mclseminar.org\/es\/#\/schema\/logo\/image\/"}}]}},"_links":{"self":[{"href":"https:\/\/mclseminar.org\/es\/wp-json\/wp\/v2\/pages\/3","targetHints":{"allow":["GET"]}}],"collection":[{"href":"https:\/\/mclseminar.org\/es\/wp-json\/wp\/v2\/pages"}],"about":[{"href":"https:\/\/mclseminar.org\/es\/wp-json\/wp\/v2\/types\/page"}],"author":[{"embeddable":true,"href":"https:\/\/mclseminar.org\/es\/wp-json\/wp\/v2\/users\/1"}],"replies":[{"embeddable":true,"href":"https:\/\/mclseminar.org\/es\/wp-json\/wp\/v2\/comments?post=3"}],"version-history":[{"count":5,"href":"https:\/\/mclseminar.org\/es\/wp-json\/wp\/v2\/pages\/3\/revisions"}],"predecessor-version":[{"id":2180,"href":"https:\/\/mclseminar.org\/es\/wp-json\/wp\/v2\/pages\/3\/revisions\/2180"}],"wp:attachment":[{"href":"https:\/\/mclseminar.org\/es\/wp-json\/wp\/v2\/media?parent=3"}],"curies":[{"name":"wp","href":"https:\/\/api.w.org\/{rel}","templated":true}]}}